{"id":488,"date":"2024-02-25T19:22:57","date_gmt":"2024-02-25T19:22:57","guid":{"rendered":"https:\/\/therapielaser.ca\/?page_id=488"},"modified":"2025-07-21T18:20:28","modified_gmt":"2025-07-21T18:20:28","slug":"politique-retours-remboursements","status":"publish","type":"page","link":"http:\/\/oldtherapielaser.ca.musi-ka.info\/en\/politique-retours-remboursements\/","title":{"rendered":"Returns and Refunds Policy"},"content":{"rendered":"<div data-elementor-type=\"wp-page\" data-elementor-id=\"488\" class=\"elementor elementor-488\" data-elementor-post-type=\"page\">\n\t\t\t\t\t\t<section class=\"elementor-section elementor-top-section elementor-element elementor-element-623c17bd elementor-section-boxed elementor-section-height-default elementor-section-height-default\" data-id=\"623c17bd\" data-element_type=\"section\">\n\t\t\t\t\t\t<div class=\"elementor-container elementor-column-gap-default\">\n\t\t\t\t\t<div class=\"elementor-column elementor-col-100 elementor-top-column elementor-element elementor-element-6cc50a55\" data-id=\"6cc50a55\" data-element_type=\"column\">\n\t\t\t<div class=\"elementor-widget-wrap elementor-element-populated\">\n\t\t\t\t\t\t<div class=\"elementor-element elementor-element-2b89f8eb elementor-widget elementor-widget-text-editor\" data-id=\"2b89f8eb\" data-element_type=\"widget\" data-widget_type=\"text-editor.default\">\n\t\t\t\t<div class=\"elementor-widget-container\">\n\t\t\t\t\t\t\t\t\t\n<p><strong>Refund and Return Policy<\/strong><\/p>\n<ul>\n<li>The result of the examination or treatment cannot be guaranteed or refunded, as the client&#039;s motivation is an essential factor for success.<\/li>\n<\/ul>\n\n<ul>\n<li>Natural Products Return Policy: To be eligible for a return, your product must be unused and in the same condition that you received it. It must also be in its original packaging.<\/li>\n<li>We accept product returns within 10 days of purchase only.<\/li>\n<\/ul>\n\n<ul>\n<li>To complete your return, we require a receipt or proof of purchase.<\/li>\n<\/ul>\n\n<p>\u00a0<\/p>\n\n<p><strong>Need help?<\/strong><\/p>\n<p>Contact us at: info@therapielaser.ca for any questions regarding refunds and returns.<\/p>\n\t\t\t\t\t\t\t\t<\/div>\n\t\t\t\t<\/div>\n\t\t\t\t\t<\/div>\n\t\t<\/div>\n\t\t\t\t\t<\/div>\n\t\t<\/section>\n\t\t\t\t<\/div>","protected":false},"excerpt":{"rendered":"<p>Refund and Return Policy The outcome of the examination or treatment cannot be guaranteed or refunded, as the client&#039;s motivation is a key factor in success. Natural Products Return Policy: To be eligible for a return, your product must be unused and in the same condition in which it was [\u2026]<\/p>","protected":false},"author":1,"featured_media":0,"parent":0,"menu_order":0,"comment_status":"closed","ping_status":"closed","template":"","meta":{"footnotes":""},"class_list":["post-488","page","type-page","status-publish","hentry"],"yoast_head":"<!-- This site is optimized with the Yoast SEO Premium plugin v26.0 (Yoast SEO v26.0) - https:\/\/yoast.com\/wordpress\/plugins\/seo\/ -->\n<title>Politique de retours et de remboursements - Therapie Laser<\/title>\n<meta name=\"robots\" content=\"index, follow, max-snippet:-1, max-image-preview:large, max-video-preview:-1\" \/>\n<link rel=\"canonical\" href=\"https:\/\/oldtherapielaser.ca.musi-ka.info\/en\/politique-retours-remboursements\/\" \/>\n<meta property=\"og:locale\" content=\"en_US\" \/>\n<meta property=\"og:type\" content=\"article\" \/>\n<meta property=\"og:title\" content=\"Politique de retours et de remboursements\" \/>\n<meta property=\"og:description\" content=\"Politique de remboursement et de retour Le r\u00e9sultat de l&rsquo;examen ou du traitement ne peut \u00eatre garanti ni rembours\u00e9, car la motivation du client est un facteur essentiel de r\u00e9ussite. Politique de retour des produits naturels: Pour pouvoir b\u00e9n\u00e9ficier d&rsquo;un retour, votre produit doit \u00eatre inutilis\u00e9 et dans le m\u00eame \u00e9tat que celui dans lequel [&hellip;]\" \/>\n<meta property=\"og:url\" content=\"https:\/\/oldtherapielaser.ca.musi-ka.info\/en\/politique-retours-remboursements\/\" \/>\n<meta property=\"og:site_name\" content=\"Therapie Laser\" \/>\n<meta property=\"article:publisher\" content=\"https:\/\/www.facebook.com\/sensation.therapy\/\" \/>\n<meta property=\"article:modified_time\" content=\"2025-07-21T18:20:28+00:00\" \/>\n<meta property=\"og:image\" content=\"http:\/\/oldtherapielaser.ca.musi-ka.info\/wp-content\/uploads\/2025\/07\/Sansation-Logo_Vytu.png\" \/>\n\t<meta property=\"og:image:width\" content=\"1200\" \/>\n\t<meta property=\"og:image:height\" content=\"675\" \/>\n\t<meta property=\"og:image:type\" content=\"image\/png\" \/>\n<meta name=\"twitter:card\" content=\"summary_large_image\" \/>\n<meta name=\"twitter:label1\" content=\"Est. reading time\" \/>\n\t<meta name=\"twitter:data1\" content=\"1 minute\" \/>\n<script type=\"application\/ld+json\" class=\"yoast-schema-graph\">{\"@context\":\"https:\/\/schema.org\",\"@graph\":[{\"@type\":\"WebPage\",\"@id\":\"https:\/\/oldtherapielaser.ca.musi-ka.info\/en\/politique-retours-remboursements\/\",\"url\":\"https:\/\/oldtherapielaser.ca.musi-ka.info\/en\/politique-retours-remboursements\/\",\"name\":\"Politique de retours et de remboursements - Therapie Laser\",\"isPartOf\":{\"@id\":\"https:\/\/oldtherapielaser.ca.musi-ka.info\/en\/#website\"},\"datePublished\":\"2024-02-25T19:22:57+00:00\",\"dateModified\":\"2025-07-21T18:20:28+00:00\",\"breadcrumb\":{\"@id\":\"https:\/\/oldtherapielaser.ca.musi-ka.info\/en\/politique-retours-remboursements\/#breadcrumb\"},\"inLanguage\":\"en-US\",\"potentialAction\":[{\"@type\":\"ReadAction\",\"target\":[\"https:\/\/oldtherapielaser.ca.musi-ka.info\/en\/politique-retours-remboursements\/\"]}]},{\"@type\":\"BreadcrumbList\",\"@id\":\"https:\/\/oldtherapielaser.ca.musi-ka.info\/en\/politique-retours-remboursements\/#breadcrumb\",\"itemListElement\":[{\"@type\":\"ListItem\",\"position\":1,\"name\":\"Home\",\"item\":\"https:\/\/oldtherapielaser.ca.musi-ka.info\/en\/\"},{\"@type\":\"ListItem\",\"position\":2,\"name\":\"Politique de retours et de remboursements\"}]},{\"@type\":\"WebSite\",\"@id\":\"https:\/\/oldtherapielaser.ca.musi-ka.info\/en\/#website\",\"url\":\"https:\/\/oldtherapielaser.ca.musi-ka.info\/en\/\",\"name\":\"Sensation Therapie\",\"description\":\"M\u00e9decine Alternative\",\"publisher\":{\"@id\":\"https:\/\/oldtherapielaser.ca.musi-ka.info\/en\/#organization\"},\"alternateName\":\"Clinique Therapie Laser\",\"potentialAction\":[{\"@type\":\"SearchAction\",\"target\":{\"@type\":\"EntryPoint\",\"urlTemplate\":\"https:\/\/oldtherapielaser.ca.musi-ka.info\/en\/?s={search_term_string}\"},\"query-input\":{\"@type\":\"PropertyValueSpecification\",\"valueRequired\":true,\"valueName\":\"search_term_string\"}}],\"inLanguage\":\"en-US\"},{\"@type\":\"Organization\",\"@id\":\"https:\/\/oldtherapielaser.ca.musi-ka.info\/en\/#organization\",\"name\":\"Sensation Therapie\",\"alternateName\":\"Clinique Therapie Laser\",\"url\":\"https:\/\/oldtherapielaser.ca.musi-ka.info\/en\/\",\"logo\":{\"@type\":\"ImageObject\",\"inLanguage\":\"en-US\",\"@id\":\"https:\/\/oldtherapielaser.ca.musi-ka.info\/en\/#\/schema\/logo\/image\/\",\"url\":\"https:\/\/therapielaser.ca\/wp-content\/uploads\/2025\/07\/Logo-Small.jpg\",\"contentUrl\":\"https:\/\/therapielaser.ca\/wp-content\/uploads\/2025\/07\/Logo-Small.jpg\",\"width\":261,\"height\":258,\"caption\":\"Sensation Therapie\"},\"image\":{\"@id\":\"https:\/\/oldtherapielaser.ca.musi-ka.info\/en\/#\/schema\/logo\/image\/\"},\"sameAs\":[\"https:\/\/www.facebook.com\/sensation.therapy\/\"],\"description\":\"Sensation Therapie est une clinique multidisciplinaire sp\u00e9cialis\u00e9e dans les th\u00e9rapies naturelles pour le r\u00e9tablissement des d\u00e9pendances, la r\u00e9duction du stress et le bien-\u00eatre. Forte de plus de 20 ans d\u2019exp\u00e9rience, elle propose des traitements au laser avanc\u00e9s \u00e0 Montr\u00e9al, Laval et Brossard. Sa mission est d\u2019aider les gens \u00e0 am\u00e9liorer leur sant\u00e9 et \u00e0 reprendre le contr\u00f4le de leur vie sans m\u00e9dicaments ni traitements agressifs. Elle combine une th\u00e9rapie au laser douce, un coaching personnalis\u00e9 et des produits naturels pour des r\u00e9sultats optimaux.\",\"email\":\"info@therapielaser.ca\",\"telephone\":\"4504430300\",\"legalName\":\"Therapie Laser\",\"foundingDate\":\"2011-02-09\",\"numberOfEmployees\":{\"@type\":\"QuantitativeValue\",\"minValue\":\"1\",\"maxValue\":\"10\"},\"publishingPrinciples\":\"https:\/\/oldtherapielaser.ca.musi-ka.info\/en\/politique-retours-remboursements\/\",\"actionableFeedbackPolicy\":\"https:\/\/oldtherapielaser.ca.musi-ka.info\/en\/politique-retours-remboursements\/\"}]}<\/script>\n<!-- \/ Yoast SEO Premium plugin. -->","yoast_head_json":{"title":"Politique de retours et de remboursements - Therapie Laser","robots":{"index":"index","follow":"follow","max-snippet":"max-snippet:-1","max-image-preview":"max-image-preview:large","max-video-preview":"max-video-preview:-1"},"canonical":"https:\/\/oldtherapielaser.ca.musi-ka.info\/en\/politique-retours-remboursements\/","og_locale":"en_US","og_type":"article","og_title":"Politique de retours et de remboursements","og_description":"Politique de remboursement et de retour Le r\u00e9sultat de l&rsquo;examen ou du traitement ne peut \u00eatre garanti ni rembours\u00e9, car la motivation du client est un facteur essentiel de r\u00e9ussite. Politique de retour des produits naturels: Pour pouvoir b\u00e9n\u00e9ficier d&rsquo;un retour, votre produit doit \u00eatre inutilis\u00e9 et dans le m\u00eame \u00e9tat que celui dans lequel [&hellip;]","og_url":"https:\/\/oldtherapielaser.ca.musi-ka.info\/en\/politique-retours-remboursements\/","og_site_name":"Therapie Laser","article_publisher":"https:\/\/www.facebook.com\/sensation.therapy\/","article_modified_time":"2025-07-21T18:20:28+00:00","og_image":[{"width":1200,"height":675,"url":"http:\/\/oldtherapielaser.ca.musi-ka.info\/wp-content\/uploads\/2025\/07\/Sansation-Logo_Vytu.png","type":"image\/png"}],"twitter_card":"summary_large_image","twitter_misc":{"Est. reading time":"1 minute"},"schema":{"@context":"https:\/\/schema.org","@graph":[{"@type":"WebPage","@id":"https:\/\/oldtherapielaser.ca.musi-ka.info\/en\/politique-retours-remboursements\/","url":"https:\/\/oldtherapielaser.ca.musi-ka.info\/en\/politique-retours-remboursements\/","name":"Politique de retours et de remboursements - Therapie Laser","isPartOf":{"@id":"https:\/\/oldtherapielaser.ca.musi-ka.info\/en\/#website"},"datePublished":"2024-02-25T19:22:57+00:00","dateModified":"2025-07-21T18:20:28+00:00","breadcrumb":{"@id":"https:\/\/oldtherapielaser.ca.musi-ka.info\/en\/politique-retours-remboursements\/#breadcrumb"},"inLanguage":"en-US","potentialAction":[{"@type":"ReadAction","target":["https:\/\/oldtherapielaser.ca.musi-ka.info\/en\/politique-retours-remboursements\/"]}]},{"@type":"BreadcrumbList","@id":"https:\/\/oldtherapielaser.ca.musi-ka.info\/en\/politique-retours-remboursements\/#breadcrumb","itemListElement":[{"@type":"ListItem","position":1,"name":"Home","item":"https:\/\/oldtherapielaser.ca.musi-ka.info\/en\/"},{"@type":"ListItem","position":2,"name":"Politique de retours et de remboursements"}]},{"@type":"WebSite","@id":"https:\/\/oldtherapielaser.ca.musi-ka.info\/en\/#website","url":"https:\/\/oldtherapielaser.ca.musi-ka.info\/en\/","name":"Sensation Therapy","description":"Alternative Medicine","publisher":{"@id":"https:\/\/oldtherapielaser.ca.musi-ka.info\/en\/#organization"},"alternateName":"Clinique Therapie Laser","potentialAction":[{"@type":"SearchAction","target":{"@type":"EntryPoint","urlTemplate":"https:\/\/oldtherapielaser.ca.musi-ka.info\/en\/?s={search_term_string}"},"query-input":{"@type":"PropertyValueSpecification","valueRequired":true,"valueName":"search_term_string"}}],"inLanguage":"en-US"},{"@type":"Organization","@id":"https:\/\/oldtherapielaser.ca.musi-ka.info\/en\/#organization","name":"Sensation Therapy","alternateName":"Clinique Therapie Laser","url":"https:\/\/oldtherapielaser.ca.musi-ka.info\/en\/","logo":{"@type":"ImageObject","inLanguage":"en-US","@id":"https:\/\/oldtherapielaser.ca.musi-ka.info\/en\/#\/schema\/logo\/image\/","url":"https:\/\/therapielaser.ca\/wp-content\/uploads\/2025\/07\/Logo-Small.jpg","contentUrl":"https:\/\/therapielaser.ca\/wp-content\/uploads\/2025\/07\/Logo-Small.jpg","width":261,"height":258,"caption":"Sensation Therapie"},"image":{"@id":"https:\/\/oldtherapielaser.ca.musi-ka.info\/en\/#\/schema\/logo\/image\/"},"sameAs":["https:\/\/www.facebook.com\/sensation.therapy\/"],"description":"Sensation Therapy is a multidisciplinary clinic specializing in natural therapies for addiction recovery, stress reduction, and wellness. With over 20 years of experience, it offers advanced laser treatments in Montreal, Laval, and Brossard. Its mission is to help people improve their health and regain control of their lives without medication or harsh treatments. It combines gentle laser therapy, personalized coaching, and natural products for optimal results.","email":"info@therapielaser.ca","telephone":"4504430300","legalName":"Therapie Laser","foundingDate":"2011-02-09","numberOfEmployees":{"@type":"QuantitativeValue","minValue":"1","maxValue":"10"},"publishingPrinciples":"https:\/\/oldtherapielaser.ca.musi-ka.info\/en\/politique-retours-remboursements\/","actionableFeedbackPolicy":"https:\/\/oldtherapielaser.ca.musi-ka.info\/en\/politique-retours-remboursements\/"}]}},"_links":{"self":[{"href":"http:\/\/oldtherapielaser.ca.musi-ka.info\/en\/wp-json\/wp\/v2\/pages\/488","targetHints":{"allow":["GET"]}}],"collection":[{"href":"http:\/\/oldtherapielaser.ca.musi-ka.info\/en\/wp-json\/wp\/v2\/pages"}],"about":[{"href":"http:\/\/oldtherapielaser.ca.musi-ka.info\/en\/wp-json\/wp\/v2\/types\/page"}],"author":[{"embeddable":true,"href":"http:\/\/oldtherapielaser.ca.musi-ka.info\/en\/wp-json\/wp\/v2\/users\/1"}],"replies":[{"embeddable":true,"href":"http:\/\/oldtherapielaser.ca.musi-ka.info\/en\/wp-json\/wp\/v2\/comments?post=488"}],"version-history":[{"count":5,"href":"http:\/\/oldtherapielaser.ca.musi-ka.info\/en\/wp-json\/wp\/v2\/pages\/488\/revisions"}],"predecessor-version":[{"id":5903,"href":"http:\/\/oldtherapielaser.ca.musi-ka.info\/en\/wp-json\/wp\/v2\/pages\/488\/revisions\/5903"}],"wp:attachment":[{"href":"http:\/\/oldtherapielaser.ca.musi-ka.info\/en\/wp-json\/wp\/v2\/media?parent=488"}],"curies":[{"name":"wp","href":"https:\/\/api.w.org\/{rel}","templated":true}]}}