{"id":5858,"date":"2025-07-21T02:50:39","date_gmt":"2025-07-21T02:50:39","guid":{"rendered":"https:\/\/therapielaser.ca\/?page_id=5858"},"modified":"2025-07-21T03:38:30","modified_gmt":"2025-07-21T03:38:30","slug":"blog","status":"publish","type":"page","link":"http:\/\/oldtherapielaser.ca.musi-ka.info\/en\/blog\/","title":{"rendered":"Blog"},"content":{"rendered":"<div data-elementor-type=\"wp-page\" data-elementor-id=\"5858\" class=\"elementor elementor-5858\" data-elementor-post-type=\"page\">\n\t\t\t\t<div class=\"elementor-element elementor-element-7aa2da6 e-flex e-con-boxed e-con e-parent\" data-id=\"7aa2da6\" data-element_type=\"container\">\n\t\t\t\t\t<div class=\"e-con-inner\">\n\t\t\t\t<div class=\"elementor-element elementor-element-c4dd8b7 elementor-widget elementor-widget-heading\" data-id=\"c4dd8b7\" data-element_type=\"widget\" data-widget_type=\"heading.default\">\n\t\t\t\t<div class=\"elementor-widget-container\">\n\t\t\t\t\t<h2 class=\"elementor-heading-title elementor-size-default\">Blog<\/h2>\t\t\t\t<\/div>\n\t\t\t\t<\/div>\n\t\t\t\t<div class=\"elementor-element elementor-element-c4ca1b9 elementor-grid-eael-col-2 elementor-grid-tablet-eael-col-2 elementor-grid-mobile-eael-col-1 elementor-widget elementor-widget-eael-post-grid\" data-id=\"c4ca1b9\" data-element_type=\"widget\" data-settings=\"{&quot;eael_post_grid_columns&quot;:&quot;eael-col-2&quot;,&quot;eael_post_grid_columns_tablet&quot;:&quot;eael-col-2&quot;,&quot;eael_post_grid_columns_mobile&quot;:&quot;eael-col-1&quot;}\" data-widget_type=\"eael-post-grid.default\">\n\t\t\t\t<div class=\"elementor-widget-container\">\n\t\t\t\t\t<div id=\"eael-post-grid-c4ca1b9\" class=\"eael-post-grid-container\">\n            <div class=\"eael-post-grid eael-post-appender eael-post-appender-c4ca1b9 eael-post-grid-style-two\" data-layout-mode=\"grid\"><article class=\"eael-grid-post eael-post-grid-column\" data-id=\"5920\">\n    <div class=\"eael-grid-post-holder\">\n        <div class=\"eael-grid-post-holder-inner\"><div class=\"eael-entry-wrapper\"><header class=\"eael-entry-header\"><h2 class=\"eael-entry-title\"><a class=\"eael-grid-post-link\" href=\"http:\/\/oldtherapielaser.ca.musi-ka.info\/en\/que-se-passe-t-il-dans-votre-corps-apres-avoir-arrete-la-drogue\/\" title=\"What happens in your body after you stop drugs?\">What happens in your body after you stop drugs?<\/a><\/h2><\/header><div class=\"eael-entry-content\">\n                                <div class=\"eael-grid-post-excerpt\"><p>Natural follow-up in Montreal, Brossard and Laval Deciding to stop...<\/p><a href=\"http:\/\/oldtherapielaser.ca.musi-ka.info\/en\/que-se-passe-t-il-dans-votre-corps-apres-avoir-arrete-la-drogue\/\" class=\"eael-post-elements-readmore-btn\">Read More<\/a><\/div>\n                            <\/div><div class=\"eael-entry-header-after style-two\"><div class=\"eael-entry-meta\"><span class=\"eael-meta-posted-on\"><i class=\"far fa-clock\"><\/i><time datetime=\"August 20, 2025\">August 20, 2025<\/time><\/span><\/div><\/div><\/div><\/div>\n    <\/div>\n<\/article><article class=\"eael-grid-post eael-post-grid-column\" data-id=\"5923\">\n    <div class=\"eael-grid-post-holder\">\n        <div class=\"eael-grid-post-holder-inner\"><div class=\"eael-entry-wrapper\"><header class=\"eael-entry-header\"><h2 class=\"eael-entry-title\"><a class=\"eael-grid-post-link\" href=\"http:\/\/oldtherapielaser.ca.musi-ka.info\/en\/comment-arreter-lalcool-naturellement-grace-a-lauriculotherapie\/\" title=\"How to Quit Alcohol Naturally with Auriculotherapy\">How to Quit Alcohol Naturally with Auriculotherapy<\/a><\/h2><\/header><div class=\"eael-entry-content\">\n                                <div class=\"eael-grid-post-excerpt\"><p>Available in Montreal, Brossard and Laval Quitting alcohol is a...<\/p><a href=\"http:\/\/oldtherapielaser.ca.musi-ka.info\/en\/comment-arreter-lalcool-naturellement-grace-a-lauriculotherapie\/\" class=\"eael-post-elements-readmore-btn\">Read More<\/a><\/div>\n                            <\/div><div class=\"eael-entry-header-after style-two\"><div class=\"eael-entry-meta\"><span class=\"eael-meta-posted-on\"><i class=\"far fa-clock\"><\/i><time datetime=\"August 20, 2025\">August 20, 2025<\/time><\/span><\/div><\/div><\/div><\/div>\n    <\/div>\n<\/article><article class=\"eael-grid-post eael-post-grid-column\" data-id=\"5924\">\n    <div class=\"eael-grid-post-holder\">\n        <div class=\"eael-grid-post-holder-inner\"><div class=\"eael-entry-wrapper\"><header class=\"eael-entry-header\"><h2 class=\"eael-entry-title\"><a class=\"eael-grid-post-link\" href=\"http:\/\/oldtherapielaser.ca.musi-ka.info\/en\/comment-arreter-le-cannabis-naturellement-sans-medicaments\/\" title=\"How to Quit Cannabis Naturally, Without Medication\">How to Quit Cannabis Naturally, Without Medication<\/a><\/h2><\/header><div class=\"eael-entry-content\">\n                                <div class=\"eael-grid-post-excerpt\"><p>Available in Montreal, Brossard and Laval Quitting cannabis can...<\/p><a href=\"http:\/\/oldtherapielaser.ca.musi-ka.info\/en\/comment-arreter-le-cannabis-naturellement-sans-medicaments\/\" class=\"eael-post-elements-readmore-btn\">Read More<\/a><\/div>\n                            <\/div><div class=\"eael-entry-header-after style-two\"><div class=\"eael-entry-meta\"><span class=\"eael-meta-posted-on\"><i class=\"far fa-clock\"><\/i><time datetime=\"August 20, 2025\">August 20, 2025<\/time><\/span><\/div><\/div><\/div><\/div>\n    <\/div>\n<\/article><article class=\"eael-grid-post eael-post-grid-column\" data-id=\"5925\">\n    <div class=\"eael-grid-post-holder\">\n        <div class=\"eael-grid-post-holder-inner\"><div class=\"eael-entry-wrapper\"><header class=\"eael-entry-header\"><h2 class=\"eael-entry-title\"><a class=\"eael-grid-post-link\" href=\"http:\/\/oldtherapielaser.ca.musi-ka.info\/en\/le-lien-entre-le-stress-et-lalimentation-emotionnelle\/\" title=\"The Link Between Stress and Emotional Eating\">The Link Between Stress and Emotional Eating<\/a><\/h2><\/header><div class=\"eael-entry-content\">\n                                <div class=\"eael-grid-post-excerpt\"><p>Why we eat more when stressed\u2014and how...<\/p><a href=\"http:\/\/oldtherapielaser.ca.musi-ka.info\/en\/le-lien-entre-le-stress-et-lalimentation-emotionnelle\/\" class=\"eael-post-elements-readmore-btn\">Read More<\/a><\/div>\n                            <\/div><div class=\"eael-entry-header-after style-two\"><div class=\"eael-entry-meta\"><span class=\"eael-meta-posted-on\"><i class=\"far fa-clock\"><\/i><time datetime=\"August 20, 2025\">August 20, 2025<\/time><\/span><\/div><\/div><\/div><\/div>\n    <\/div>\n<\/article><\/div>\n            <div class=\"clearfix\"><\/div>\n        <\/div>            <div class=\"eael-load-more-button-wrap eael-force-hide\">\n                <button class=\"eael-load-more-button\" id=\"eael-load-more-btn-c4ca1b9\" data-widget-id=\"c4ca1b9\" data-widget=\"c4ca1b9\" data-page-id=\"5858\" data-template=\"{&quot;dir&quot;:&quot;lite&quot;,&quot;file_name&quot;:&quot;two.php&quot;,&quot;name&quot;:&quot;Post-Grid&quot;}\" data-class=\"Essential_Addons_Elementor\\Elements\\Post_Grid\" data-layout=\"grid\" data-page=\"1\" data-args=\"orderby=date&amp;order=desc&amp;ignore_sticky_posts=1&amp;post_status=publish&amp;posts_per_page=4&amp;offset=0&amp;post_type=post\" data-max-page=\"2\">\n                    <span class=\"eael-btn-loader button__loader\"><\/span>\n                    <span class=\"eael_load_more_text\">Load More<\/span>\n                <\/button>\n            <\/div>\n            \t\t\t\t<\/div>\n\t\t\t\t<\/div>\n\t\t\t\t\t<\/div>\n\t\t\t\t<\/div>\n\t\t\t\t<\/div>","protected":false},"excerpt":{"rendered":"<p>Blogue Chronologie des bienfaits apr\u00e8s l\u2019arr\u00eat du tabac Arr\u00eater de fumer d\u00e9clenche une s\u00e9rie de changements positifs dans&#8230; Read More July 21, 2025<\/p>","protected":false},"author":2,"featured_media":0,"parent":0,"menu_order":0,"comment_status":"closed","ping_status":"closed","template":"","meta":{"footnotes":""},"class_list":["post-5858","page","type-page","status-publish","hentry"],"yoast_head":"<!-- This site is optimized with the Yoast SEO Premium plugin v26.0 (Yoast SEO v26.0) - https:\/\/yoast.com\/wordpress\/plugins\/seo\/ -->\n<title>Blog - Therapie Laser<\/title>\n<meta name=\"robots\" content=\"index, follow, max-snippet:-1, max-image-preview:large, max-video-preview:-1\" \/>\n<link rel=\"canonical\" href=\"http:\/\/oldtherapielaser.ca.musi-ka.info\/en\/blog\/\" \/>\n<meta property=\"og:locale\" content=\"en_US\" \/>\n<meta property=\"og:type\" content=\"article\" \/>\n<meta property=\"og:title\" content=\"Blog\" \/>\n<meta property=\"og:description\" content=\"Blogue Chronologie des bienfaits apr\u00e8s l\u2019arr\u00eat du tabac Arr\u00eater de fumer d\u00e9clenche une s\u00e9rie de changements positifs dans&#8230; Read More July 21, 2025\" \/>\n<meta property=\"og:url\" content=\"http:\/\/oldtherapielaser.ca.musi-ka.info\/en\/blog\/\" \/>\n<meta property=\"og:site_name\" content=\"Therapie Laser\" \/>\n<meta property=\"article:publisher\" content=\"https:\/\/www.facebook.com\/sensation.therapy\/\" \/>\n<meta property=\"article:modified_time\" content=\"2025-07-21T03:38:30+00:00\" \/>\n<meta property=\"og:image\" content=\"http:\/\/oldtherapielaser.ca.musi-ka.info\/wp-content\/uploads\/2025\/07\/Sansation-Logo_Vytu.png\" \/>\n\t<meta property=\"og:image:width\" content=\"1200\" \/>\n\t<meta property=\"og:image:height\" content=\"675\" \/>\n\t<meta property=\"og:image:type\" content=\"image\/png\" \/>\n<meta name=\"twitter:card\" content=\"summary_large_image\" \/>\n<meta name=\"twitter:label1\" content=\"Est. reading time\" \/>\n\t<meta name=\"twitter:data1\" content=\"1 minute\" \/>\n<script type=\"application\/ld+json\" class=\"yoast-schema-graph\">{\"@context\":\"https:\/\/schema.org\",\"@graph\":[{\"@type\":\"WebPage\",\"@id\":\"http:\/\/oldtherapielaser.ca.musi-ka.info\/en\/blog\/\",\"url\":\"http:\/\/oldtherapielaser.ca.musi-ka.info\/en\/blog\/\",\"name\":\"Blog - Therapie Laser\",\"isPartOf\":{\"@id\":\"https:\/\/oldtherapielaser.ca.musi-ka.info\/en\/#website\"},\"datePublished\":\"2025-07-21T02:50:39+00:00\",\"dateModified\":\"2025-07-21T03:38:30+00:00\",\"breadcrumb\":{\"@id\":\"http:\/\/oldtherapielaser.ca.musi-ka.info\/en\/blog\/#breadcrumb\"},\"inLanguage\":\"en-US\",\"potentialAction\":[{\"@type\":\"ReadAction\",\"target\":[\"http:\/\/oldtherapielaser.ca.musi-ka.info\/en\/blog\/\"]}]},{\"@type\":\"BreadcrumbList\",\"@id\":\"http:\/\/oldtherapielaser.ca.musi-ka.info\/en\/blog\/#breadcrumb\",\"itemListElement\":[{\"@type\":\"ListItem\",\"position\":1,\"name\":\"Home\",\"item\":\"https:\/\/oldtherapielaser.ca.musi-ka.info\/en\/\"},{\"@type\":\"ListItem\",\"position\":2,\"name\":\"Blog\"}]},{\"@type\":\"WebSite\",\"@id\":\"https:\/\/oldtherapielaser.ca.musi-ka.info\/en\/#website\",\"url\":\"https:\/\/oldtherapielaser.ca.musi-ka.info\/en\/\",\"name\":\"Sensation Therapie\",\"description\":\"M\u00e9decine Alternative\",\"publisher\":{\"@id\":\"https:\/\/oldtherapielaser.ca.musi-ka.info\/en\/#organization\"},\"alternateName\":\"Clinique Therapie Laser\",\"potentialAction\":[{\"@type\":\"SearchAction\",\"target\":{\"@type\":\"EntryPoint\",\"urlTemplate\":\"https:\/\/oldtherapielaser.ca.musi-ka.info\/en\/?s={search_term_string}\"},\"query-input\":{\"@type\":\"PropertyValueSpecification\",\"valueRequired\":true,\"valueName\":\"search_term_string\"}}],\"inLanguage\":\"en-US\"},{\"@type\":\"Organization\",\"@id\":\"https:\/\/oldtherapielaser.ca.musi-ka.info\/en\/#organization\",\"name\":\"Sensation Therapie\",\"alternateName\":\"Clinique Therapie Laser\",\"url\":\"https:\/\/oldtherapielaser.ca.musi-ka.info\/en\/\",\"logo\":{\"@type\":\"ImageObject\",\"inLanguage\":\"en-US\",\"@id\":\"https:\/\/oldtherapielaser.ca.musi-ka.info\/en\/#\/schema\/logo\/image\/\",\"url\":\"https:\/\/therapielaser.ca\/wp-content\/uploads\/2025\/07\/Logo-Small.jpg\",\"contentUrl\":\"https:\/\/therapielaser.ca\/wp-content\/uploads\/2025\/07\/Logo-Small.jpg\",\"width\":261,\"height\":258,\"caption\":\"Sensation Therapie\"},\"image\":{\"@id\":\"https:\/\/oldtherapielaser.ca.musi-ka.info\/en\/#\/schema\/logo\/image\/\"},\"sameAs\":[\"https:\/\/www.facebook.com\/sensation.therapy\/\"],\"description\":\"Sensation Therapie est une clinique multidisciplinaire sp\u00e9cialis\u00e9e dans les th\u00e9rapies naturelles pour le r\u00e9tablissement des d\u00e9pendances, la r\u00e9duction du stress et le bien-\u00eatre. Forte de plus de 20 ans d\u2019exp\u00e9rience, elle propose des traitements au laser avanc\u00e9s \u00e0 Montr\u00e9al, Laval et Brossard. Sa mission est d\u2019aider les gens \u00e0 am\u00e9liorer leur sant\u00e9 et \u00e0 reprendre le contr\u00f4le de leur vie sans m\u00e9dicaments ni traitements agressifs. Elle combine une th\u00e9rapie au laser douce, un coaching personnalis\u00e9 et des produits naturels pour des r\u00e9sultats optimaux.\",\"email\":\"info@therapielaser.ca\",\"telephone\":\"4504430300\",\"legalName\":\"Therapie Laser\",\"foundingDate\":\"2011-02-09\",\"numberOfEmployees\":{\"@type\":\"QuantitativeValue\",\"minValue\":\"1\",\"maxValue\":\"10\"},\"publishingPrinciples\":\"https:\/\/oldtherapielaser.ca.musi-ka.info\/en\/politique-retours-remboursements\/\",\"actionableFeedbackPolicy\":\"https:\/\/oldtherapielaser.ca.musi-ka.info\/en\/politique-retours-remboursements\/\"}]}<\/script>\n<!-- \/ Yoast SEO Premium plugin. -->","yoast_head_json":{"title":"Blog - Therapie Laser","robots":{"index":"index","follow":"follow","max-snippet":"max-snippet:-1","max-image-preview":"max-image-preview:large","max-video-preview":"max-video-preview:-1"},"canonical":"http:\/\/oldtherapielaser.ca.musi-ka.info\/en\/blog\/","og_locale":"en_US","og_type":"article","og_title":"Blog","og_description":"Blogue Chronologie des bienfaits apr\u00e8s l\u2019arr\u00eat du tabac Arr\u00eater de fumer d\u00e9clenche une s\u00e9rie de changements positifs dans&#8230; Read More July 21, 2025","og_url":"http:\/\/oldtherapielaser.ca.musi-ka.info\/en\/blog\/","og_site_name":"Therapie Laser","article_publisher":"https:\/\/www.facebook.com\/sensation.therapy\/","article_modified_time":"2025-07-21T03:38:30+00:00","og_image":[{"width":1200,"height":675,"url":"http:\/\/oldtherapielaser.ca.musi-ka.info\/wp-content\/uploads\/2025\/07\/Sansation-Logo_Vytu.png","type":"image\/png"}],"twitter_card":"summary_large_image","twitter_misc":{"Est. reading time":"1 minute"},"schema":{"@context":"https:\/\/schema.org","@graph":[{"@type":"WebPage","@id":"http:\/\/oldtherapielaser.ca.musi-ka.info\/en\/blog\/","url":"http:\/\/oldtherapielaser.ca.musi-ka.info\/en\/blog\/","name":"Blog - Therapie Laser","isPartOf":{"@id":"https:\/\/oldtherapielaser.ca.musi-ka.info\/en\/#website"},"datePublished":"2025-07-21T02:50:39+00:00","dateModified":"2025-07-21T03:38:30+00:00","breadcrumb":{"@id":"http:\/\/oldtherapielaser.ca.musi-ka.info\/en\/blog\/#breadcrumb"},"inLanguage":"en-US","potentialAction":[{"@type":"ReadAction","target":["http:\/\/oldtherapielaser.ca.musi-ka.info\/en\/blog\/"]}]},{"@type":"BreadcrumbList","@id":"http:\/\/oldtherapielaser.ca.musi-ka.info\/en\/blog\/#breadcrumb","itemListElement":[{"@type":"ListItem","position":1,"name":"Home","item":"https:\/\/oldtherapielaser.ca.musi-ka.info\/en\/"},{"@type":"ListItem","position":2,"name":"Blog"}]},{"@type":"WebSite","@id":"https:\/\/oldtherapielaser.ca.musi-ka.info\/en\/#website","url":"https:\/\/oldtherapielaser.ca.musi-ka.info\/en\/","name":"Sensation Therapy","description":"Alternative Medicine","publisher":{"@id":"https:\/\/oldtherapielaser.ca.musi-ka.info\/en\/#organization"},"alternateName":"Clinique Therapie Laser","potentialAction":[{"@type":"SearchAction","target":{"@type":"EntryPoint","urlTemplate":"https:\/\/oldtherapielaser.ca.musi-ka.info\/en\/?s={search_term_string}"},"query-input":{"@type":"PropertyValueSpecification","valueRequired":true,"valueName":"search_term_string"}}],"inLanguage":"en-US"},{"@type":"Organization","@id":"https:\/\/oldtherapielaser.ca.musi-ka.info\/en\/#organization","name":"Sensation Therapy","alternateName":"Clinique Therapie Laser","url":"https:\/\/oldtherapielaser.ca.musi-ka.info\/en\/","logo":{"@type":"ImageObject","inLanguage":"en-US","@id":"https:\/\/oldtherapielaser.ca.musi-ka.info\/en\/#\/schema\/logo\/image\/","url":"https:\/\/therapielaser.ca\/wp-content\/uploads\/2025\/07\/Logo-Small.jpg","contentUrl":"https:\/\/therapielaser.ca\/wp-content\/uploads\/2025\/07\/Logo-Small.jpg","width":261,"height":258,"caption":"Sensation Therapie"},"image":{"@id":"https:\/\/oldtherapielaser.ca.musi-ka.info\/en\/#\/schema\/logo\/image\/"},"sameAs":["https:\/\/www.facebook.com\/sensation.therapy\/"],"description":"Sensation Therapy is a multidisciplinary clinic specializing in natural therapies for addiction recovery, stress reduction, and wellness. With over 20 years of experience, it offers advanced laser treatments in Montreal, Laval, and Brossard. Its mission is to help people improve their health and regain control of their lives without medication or harsh treatments. It combines gentle laser therapy, personalized coaching, and natural products for optimal results.","email":"info@therapielaser.ca","telephone":"4504430300","legalName":"Therapie Laser","foundingDate":"2011-02-09","numberOfEmployees":{"@type":"QuantitativeValue","minValue":"1","maxValue":"10"},"publishingPrinciples":"https:\/\/oldtherapielaser.ca.musi-ka.info\/en\/politique-retours-remboursements\/","actionableFeedbackPolicy":"https:\/\/oldtherapielaser.ca.musi-ka.info\/en\/politique-retours-remboursements\/"}]}},"_links":{"self":[{"href":"http:\/\/oldtherapielaser.ca.musi-ka.info\/en\/wp-json\/wp\/v2\/pages\/5858","targetHints":{"allow":["GET"]}}],"collection":[{"href":"http:\/\/oldtherapielaser.ca.musi-ka.info\/en\/wp-json\/wp\/v2\/pages"}],"about":[{"href":"http:\/\/oldtherapielaser.ca.musi-ka.info\/en\/wp-json\/wp\/v2\/types\/page"}],"author":[{"embeddable":true,"href":"http:\/\/oldtherapielaser.ca.musi-ka.info\/en\/wp-json\/wp\/v2\/users\/2"}],"replies":[{"embeddable":true,"href":"http:\/\/oldtherapielaser.ca.musi-ka.info\/en\/wp-json\/wp\/v2\/comments?post=5858"}],"version-history":[{"count":14,"href":"http:\/\/oldtherapielaser.ca.musi-ka.info\/en\/wp-json\/wp\/v2\/pages\/5858\/revisions"}],"predecessor-version":[{"id":5873,"href":"http:\/\/oldtherapielaser.ca.musi-ka.info\/en\/wp-json\/wp\/v2\/pages\/5858\/revisions\/5873"}],"wp:attachment":[{"href":"http:\/\/oldtherapielaser.ca.musi-ka.info\/en\/wp-json\/wp\/v2\/media?parent=5858"}],"curies":[{"name":"wp","href":"https:\/\/api.w.org\/{rel}","templated":true}]}}