{"id":6124,"date":"2025-08-07T04:35:16","date_gmt":"2025-08-07T04:35:16","guid":{"rendered":"https:\/\/therapielaser.ca\/?page_id=6124"},"modified":"2025-08-17T12:42:22","modified_gmt":"2025-08-17T16:42:22","slug":"laval","status":"publish","type":"page","link":"http:\/\/oldtherapielaser.ca.musi-ka.info\/en\/laval\/","title":{"rendered":"Laval"},"content":{"rendered":"<div data-elementor-type=\"wp-page\" data-elementor-id=\"6124\" class=\"elementor elementor-6124\" data-elementor-post-type=\"page\">\n\t\t\t\t<div class=\"elementor-element elementor-element-e326a47 e-con-full e-flex e-con e-parent\" data-id=\"e326a47\" data-element_type=\"container\" data-settings=\"{&quot;background_background&quot;:&quot;classic&quot;}\">\n\t\t\t\t<div class=\"elementor-element elementor-element-93815d5 elementor-widget elementor-widget-heading\" data-id=\"93815d5\" data-element_type=\"widget\" data-widget_type=\"heading.default\">\n\t\t\t\t<div class=\"elementor-widget-container\">\n\t\t\t\t\t<h1 class=\"elementor-heading-title elementor-size-default\">Laval<\/h1>\t\t\t\t<\/div>\n\t\t\t\t<\/div>\n\t\t\t\t<\/div>\n\t\t<div class=\"elementor-element elementor-element-6fb50d9 e-flex e-con-boxed e-con e-parent\" data-id=\"6fb50d9\" data-element_type=\"container\">\n\t\t\t\t\t<div class=\"e-con-inner\">\n\t\t<div class=\"elementor-element elementor-element-14eb55c e-con-full e-flex e-con e-child\" data-id=\"14eb55c\" data-element_type=\"container\">\n\t\t\t\t<div class=\"elementor-element elementor-element-749d546 elementor-widget elementor-widget-heading\" data-id=\"749d546\" data-element_type=\"widget\" data-widget_type=\"heading.default\">\n\t\t\t\t<div class=\"elementor-widget-container\">\n\t\t\t\t\t<h2 class=\"elementor-heading-title elementor-size-default\">Details<\/h2>\t\t\t\t<\/div>\n\t\t\t\t<\/div>\n\t\t\t\t<div class=\"elementor-element elementor-element-819fd59 elementor-widget elementor-widget-text-editor\" data-id=\"819fd59\" data-element_type=\"widget\" data-widget_type=\"text-editor.default\">\n\t\t\t\t<div class=\"elementor-widget-container\">\n\t\t\t\t\t\t\t\t\t<p>We offer several laser therapies in Laval. Smoking cessation, addiction, stress and anxiety relief.<\/p><p><strong>Address:<\/strong><br \/>2190 Le Corbusier Blvd<br \/>H7S 2C9<\/p><p><a href=\"https:\/\/share.google\/rz5B6GSIScxvoxrxz\">Google Profile<\/a><\/p>\t\t\t\t\t\t\t\t<\/div>\n\t\t\t\t<\/div>\n\t\t\t\t<\/div>\n\t\t<div class=\"elementor-element elementor-element-dc82a6b e-con-full e-flex e-con e-child\" data-id=\"dc82a6b\" data-element_type=\"container\">\n\t\t\t\t<div class=\"elementor-element elementor-element-8c68d0d elementor-widget elementor-widget-google_maps\" data-id=\"8c68d0d\" data-element_type=\"widget\" data-widget_type=\"google_maps.default\">\n\t\t\t\t<div class=\"elementor-widget-container\">\n\t\t\t\t\t\t\t<div class=\"elementor-custom-embed\">\n\t\t\t<iframe loading=\"lazy\"\n\t\t\t\t\tsrc=\"https:\/\/maps.google.com\/maps?q=2190%20boul%20Le%20Corbusier%20H7S%202C9&#038;t=m&#038;z=15&#038;output=embed&#038;iwloc=near\"\n\t\t\t\t\ttitle=\"2190 boul Le Corbusier H7S 2C9\"\n\t\t\t\t\taria-label=\"2190 boul Le Corbusier H7S 2C9\"\n\t\t\t><\/iframe>\n\t\t<\/div>\n\t\t\t\t\t\t<\/div>\n\t\t\t\t<\/div>\n\t\t\t\t<\/div>\n\t\t\t\t\t<\/div>\n\t\t\t\t<\/div>\n\t\t<div class=\"elementor-element elementor-element-06d2f28 e-flex e-con-boxed e-con e-parent\" data-id=\"06d2f28\" data-element_type=\"container\">\n\t\t\t\t\t<div class=\"e-con-inner\">\n\t\t\t\t\t<\/div>\n\t\t\t\t<\/div>\n\t\t<div class=\"elementor-element elementor-element-2b8f730 e-flex e-con-boxed e-con e-parent\" data-id=\"2b8f730\" data-element_type=\"container\">\n\t\t\t\t\t<div class=\"e-con-inner\">\n\t\t<div class=\"elementor-element elementor-element-21a000f e-con-full e-flex e-con e-child\" data-id=\"21a000f\" data-element_type=\"container\" data-settings=\"{&quot;background_background&quot;:&quot;classic&quot;}\">\n\t\t<div class=\"elementor-element elementor-element-9287ca1 e-con-full e-flex e-con e-child\" data-id=\"9287ca1\" data-element_type=\"container\">\n\t\t\t\t<div class=\"elementor-element elementor-element-f0b303b elementor-widget elementor-widget-heading\" data-id=\"f0b303b\" data-element_type=\"widget\" data-widget_type=\"heading.default\">\n\t\t\t\t<div class=\"elementor-widget-container\">\n\t\t\t\t\t<h2 class=\"elementor-heading-title elementor-size-default\">We are here to help you<\/h2>\t\t\t\t<\/div>\n\t\t\t\t<\/div>\n\t\t\t\t<\/div>\n\t\t<div class=\"elementor-element elementor-element-5618ecb e-con-full e-flex e-con e-child\" data-id=\"5618ecb\" data-element_type=\"container\">\n\t\t\t\t<div class=\"elementor-element elementor-element-3fe760d elementor-widget elementor-widget-text-editor\" data-id=\"3fe760d\" data-element_type=\"widget\" data-widget_type=\"text-editor.default\">\n\t\t\t\t<div class=\"elementor-widget-container\">\n\t\t\t\t\t\t\t\t\t<p>In addition to appetite control and smoking cessation treatments, we also offer other laser treatments for drug addiction and treatments related to stress and anxiety in Montreal, Brossard and Laval.<\/p><div id=\"simple-translate\" class=\"simple-translate-system-theme\"><div><div class=\"simple-translate-button isShow\" style=\"background-image: url('moz-extension:\/\/c604e955-ab3b-42ef-9f6c-c186619ca046\/icons\/512.png'); height: 22px; width: 22px; top: -79px; left: -11px;\">\u00a0<\/div><div class=\"simple-translate-panel\" style=\"width: 300px; height: 200px; top: 0px; left: 0px; font-size: 13px;\"><div class=\"simple-translate-result-wrapper\" style=\"overflow: hidden;\"><div class=\"simple-translate-move\" draggable=\"true\">\u00a0<\/div><div class=\"simple-translate-result-contents\"><p class=\"simple-translate-result\" dir=\"auto\">\u00a0<\/p><p class=\"simple-translate-candidate\" dir=\"auto\">\u00a0<\/p><\/div><\/div><\/div><\/div><\/div>\t\t\t\t\t\t\t\t<\/div>\n\t\t\t\t<\/div>\n\t\t\t\t<div class=\"elementor-element elementor-element-8d80ad5 elementor-mobile-align-center elementor-widget elementor-widget-button\" data-id=\"8d80ad5\" data-element_type=\"widget\" data-widget_type=\"button.default\">\n\t\t\t\t<div class=\"elementor-widget-container\">\n\t\t\t\t\t\t\t\t\t<div class=\"elementor-button-wrapper\">\n\t\t\t\t\t<a class=\"elementor-button elementor-button-link elementor-size-sm\" href=\"http:\/\/oldtherapielaser.ca.musi-ka.info\/en\/contact\/\">\n\t\t\t\t\t\t<span class=\"elementor-button-content-wrapper\">\n\t\t\t\t\t\t\t\t\t<span class=\"elementor-button-text\">Get more information<\/span>\n\t\t\t\t\t<\/span>\n\t\t\t\t\t<\/a>\n\t\t\t\t<\/div>\n\t\t\t\t\t\t\t\t<\/div>\n\t\t\t\t<\/div>\n\t\t\t\t<\/div>\n\t\t\t\t<\/div>\n\t\t\t\t\t<\/div>\n\t\t\t\t<\/div>\n\t\t<div class=\"elementor-element elementor-element-c18c527 e-flex e-con-boxed e-con e-parent\" data-id=\"c18c527\" data-element_type=\"container\">\n\t\t\t\t\t<div class=\"e-con-inner\">\n\t\t<div class=\"elementor-element elementor-element-3fdda94 e-con-full e-flex e-con e-child\" data-id=\"3fdda94\" data-element_type=\"container\">\n\t\t<div class=\"elementor-element elementor-element-ce8ca74 animated-slow elementor-hidden-mobile e-con-full e-flex elementor-invisible e-con e-child\" data-id=\"ce8ca74\" data-element_type=\"container\" data-settings=\"{&quot;animation&quot;:&quot;fadeIn&quot;}\">\n\t\t\t\t<div class=\"elementor-element elementor-element-4f6f18d elementor-widget__width-auto elementor-widget-mobile__width-initial elementor-widget elementor-widget-image\" data-id=\"4f6f18d\" data-element_type=\"widget\" data-widget_type=\"image.default\">\n\t\t\t\t<div class=\"elementor-widget-container\">\n\t\t\t\t\t\t\t\t\t\t\t\t\t\t\t<img fetchpriority=\"high\" decoding=\"async\" width=\"448\" height=\"950\" src=\"http:\/\/oldtherapielaser.ca.musi-ka.info\/wp-content\/uploads\/2023\/12\/jasmine-flowers-white-4.1-Converted.png\" class=\"attachment-full size-full wp-image-120\" alt=\"\" srcset=\"http:\/\/oldtherapielaser.ca.musi-ka.info\/wp-content\/uploads\/2023\/12\/jasmine-flowers-white-4.1-Converted.png 448w, http:\/\/oldtherapielaser.ca.musi-ka.info\/wp-content\/uploads\/2023\/12\/jasmine-flowers-white-4.1-Converted-141x300.png 141w\" sizes=\"(max-width: 448px) 100vw, 448px\" \/>\t\t\t\t\t\t\t\t\t\t\t\t\t\t\t<\/div>\n\t\t\t\t<\/div>\n\t\t\t\t<div class=\"elementor-element elementor-element-e1791f1 elementor-widget elementor-widget-image\" data-id=\"e1791f1\" data-element_type=\"widget\" data-widget_type=\"image.default\">\n\t\t\t\t<div class=\"elementor-widget-container\">\n\t\t\t\t\t\t\t\t\t\t\t\t\t\t\t<img decoding=\"async\" width=\"800\" height=\"534\" src=\"http:\/\/oldtherapielaser.ca.musi-ka.info\/wp-content\/uploads\/2023\/12\/spa-in-the-background-4BT6SD5-1024x683.jpg\" class=\"attachment-large size-large wp-image-43\" alt=\"\" srcset=\"http:\/\/oldtherapielaser.ca.musi-ka.info\/wp-content\/uploads\/2023\/12\/spa-in-the-background-4BT6SD5-1024x683.jpg 1024w, http:\/\/oldtherapielaser.ca.musi-ka.info\/wp-content\/uploads\/2023\/12\/spa-in-the-background-4BT6SD5-600x400.jpg 600w, http:\/\/oldtherapielaser.ca.musi-ka.info\/wp-content\/uploads\/2023\/12\/spa-in-the-background-4BT6SD5-300x200.jpg 300w, http:\/\/oldtherapielaser.ca.musi-ka.info\/wp-content\/uploads\/2023\/12\/spa-in-the-background-4BT6SD5-768x512.jpg 768w, http:\/\/oldtherapielaser.ca.musi-ka.info\/wp-content\/uploads\/2023\/12\/spa-in-the-background-4BT6SD5-1536x1025.jpg 1536w, http:\/\/oldtherapielaser.ca.musi-ka.info\/wp-content\/uploads\/2023\/12\/spa-in-the-background-4BT6SD5.jpg 1920w\" sizes=\"(max-width: 800px) 100vw, 800px\" \/>\t\t\t\t\t\t\t\t\t\t\t\t\t\t\t<\/div>\n\t\t\t\t<\/div>\n\t\t\t\t<\/div>\n\t\t<div class=\"elementor-element elementor-element-7ced4d0 e-con-full e-flex e-con e-child\" data-id=\"7ced4d0\" data-element_type=\"container\">\n\t\t\t\t<div class=\"elementor-element elementor-element-11069d6 elementor-widget elementor-widget-heading\" data-id=\"11069d6\" data-element_type=\"widget\" data-settings=\"{&quot;_animation&quot;:&quot;none&quot;,&quot;_animation_delay&quot;:100}\" data-widget_type=\"heading.default\">\n\t\t\t\t<div class=\"elementor-widget-container\">\n\t\t\t\t\t<h2 class=\"elementor-heading-title elementor-size-default\">Our services are our priority<\/h2>\t\t\t\t<\/div>\n\t\t\t\t<\/div>\n\t\t\t\t<div class=\"elementor-element elementor-element-0f52e71 elementor-widget elementor-widget-text-editor\" data-id=\"0f52e71\" data-element_type=\"widget\" data-settings=\"{&quot;_animation&quot;:&quot;none&quot;,&quot;_animation_delay&quot;:100}\" data-widget_type=\"text-editor.default\">\n\t\t\t\t<div class=\"elementor-widget-container\">\n\t\t\t\t\t\t\t\t\t<p data-start=\"285\" data-end=\"365\"><strong data-start=\"285\" data-end=\"365\">Laser Therapy Clinic \u2013 Laser treatments in Montreal, Laval and Brossard<\/strong><\/p><p data-start=\"367\" data-end=\"691\">For over 20 years, the Laser Therapy Clinic has helped more than 42,000 people regain a healthy lifestyle. Our approach is professional, confidential, and respectful. We offer gentle laser treatments to help quit smoking, control appetite, reduce stress, or overcome addiction.<\/p><p data-start=\"693\" data-end=\"903\">A single session can be all it takes to initiate lasting change. Join our clients in Montreal, Laval, and Brossard who have already transformed their lives with our natural, side-effect-free method.<\/p><hr data-start=\"905\" data-end=\"908\" \/><p data-start=\"910\" data-end=\"954\"><strong data-start=\"910\" data-end=\"954\">Important Notice \u2013 Naturopathic Approach<\/strong><\/p><p data-start=\"956\" data-end=\"1310\">The treatments offered by the Laser Therapy Clinic are naturopathic in nature. They aim to support overall well-being using natural methods. These services are not a substitute for conventional medical care. They should never be considered an alternative to professional diagnosis, treatment, or monitoring.<\/p><p data-start=\"1312\" data-end=\"1476\">Patients visit the Laser Therapy Clinic for treatment related to smoking cessation, stress management, anxiety, or addictions.<\/p><p data-start=\"1478\" data-end=\"1670\">Results vary from person to person. They depend largely on the client&#039;s motivation, a factor beyond the therapist&#039;s control. No results can be guaranteed or refunded.<\/p><p data-start=\"1672\" data-end=\"1874\">The patient can discontinue sessions at any time. In case of a known medical condition or symptoms, it is strongly recommended to consult a doctor before starting laser treatment.<\/p>\t\t\t\t\t\t\t\t<\/div>\n\t\t\t\t<\/div>\n\t\t\t\t<\/div>\n\t\t\t\t<\/div>\n\t\t\t\t\t<\/div>\n\t\t\t\t<\/div>\n\t\t\t\t<\/div>","protected":false},"excerpt":{"rendered":"<p>Laval D\u00e9tails Nous offrons plusieurs th\u00e9rapies au laser \u00e0 Laval. Arr\u00eat du fumer, d\u00e9pendance, soulagement du stress et de l&rsquo;anxi\u00e9t\u00e9. Address:2190 boul Le CorbusierH7S 2C9 Profil Google Nous sommes l\u00e0 pour vous aider En plus des traitements de contr\u00f4le de l&rsquo;app\u00e9tit et d&rsquo;abandon du tabac, nous offrons \u00e9galement d&rsquo;autres traitements au laser pour la toxicomanie [&hellip;]<\/p>","protected":false},"author":2,"featured_media":0,"parent":0,"menu_order":0,"comment_status":"closed","ping_status":"closed","template":"","meta":{"footnotes":""},"class_list":["post-6124","page","type-page","status-publish","hentry"],"yoast_head":"<!-- This site is optimized with the Yoast SEO Premium plugin v26.0 (Yoast SEO v26.0) - https:\/\/yoast.com\/wordpress\/plugins\/seo\/ -->\n<title>Laval - Therapie Laser<\/title>\n<meta name=\"description\" content=\"Th\u00e9rapies au laser \u00e0 Laval. Arr\u00eat du fumer, d\u00e9pendance, soulagement du stress et de l&#039;anxi\u00e9t\u00e9. Plus de 42 000 patients aid\u00e9s.\" \/>\n<meta name=\"robots\" content=\"index, follow, max-snippet:-1, max-image-preview:large, max-video-preview:-1\" \/>\n<link rel=\"canonical\" href=\"http:\/\/oldtherapielaser.ca.musi-ka.info\/en\/laval\/\" \/>\n<meta property=\"og:locale\" content=\"en_US\" \/>\n<meta property=\"og:type\" content=\"article\" \/>\n<meta property=\"og:title\" content=\"Laval\" \/>\n<meta property=\"og:description\" content=\"Th\u00e9rapies au laser \u00e0 Laval. Arr\u00eat du fumer, d\u00e9pendance, soulagement du stress et de l&#039;anxi\u00e9t\u00e9. Plus de 42 000 patients aid\u00e9s.\" \/>\n<meta property=\"og:url\" content=\"http:\/\/oldtherapielaser.ca.musi-ka.info\/en\/laval\/\" \/>\n<meta property=\"og:site_name\" content=\"Therapie Laser\" \/>\n<meta property=\"article:publisher\" content=\"https:\/\/www.facebook.com\/sensation.therapy\/\" \/>\n<meta property=\"article:modified_time\" content=\"2025-08-17T16:42:22+00:00\" \/>\n<meta property=\"og:image\" content=\"https:\/\/therapielaser.ca\/wp-content\/uploads\/2023\/12\/jasmine-flowers-white-4.1-Converted.png\" \/>\n<meta name=\"twitter:card\" content=\"summary_large_image\" \/>\n<meta name=\"twitter:label1\" content=\"Est. reading time\" \/>\n\t<meta name=\"twitter:data1\" content=\"3 minutes\" \/>\n<script type=\"application\/ld+json\" class=\"yoast-schema-graph\">{\"@context\":\"https:\/\/schema.org\",\"@graph\":[{\"@type\":\"WebPage\",\"@id\":\"http:\/\/oldtherapielaser.ca.musi-ka.info\/laval\/\",\"url\":\"http:\/\/oldtherapielaser.ca.musi-ka.info\/laval\/\",\"name\":\"Laval - Therapie Laser\",\"isPartOf\":{\"@id\":\"https:\/\/oldtherapielaser.ca.musi-ka.info\/en\/#website\"},\"primaryImageOfPage\":{\"@id\":\"http:\/\/oldtherapielaser.ca.musi-ka.info\/laval\/#primaryimage\"},\"image\":{\"@id\":\"http:\/\/oldtherapielaser.ca.musi-ka.info\/laval\/#primaryimage\"},\"thumbnailUrl\":\"https:\/\/therapielaser.ca\/wp-content\/uploads\/2023\/12\/jasmine-flowers-white-4.1-Converted.png\",\"datePublished\":\"2025-08-07T04:35:16+00:00\",\"dateModified\":\"2025-08-17T16:42:22+00:00\",\"description\":\"Th\u00e9rapies au laser \u00e0 Laval. Arr\u00eat du fumer, d\u00e9pendance, soulagement du stress et de l'anxi\u00e9t\u00e9. Plus de 42 000 patients aid\u00e9s.\",\"breadcrumb\":{\"@id\":\"http:\/\/oldtherapielaser.ca.musi-ka.info\/laval\/#breadcrumb\"},\"inLanguage\":\"en-US\",\"potentialAction\":[{\"@type\":\"ReadAction\",\"target\":[\"http:\/\/oldtherapielaser.ca.musi-ka.info\/laval\/\"]}]},{\"@type\":\"ImageObject\",\"inLanguage\":\"en-US\",\"@id\":\"http:\/\/oldtherapielaser.ca.musi-ka.info\/laval\/#primaryimage\",\"url\":\"https:\/\/therapielaser.ca\/wp-content\/uploads\/2023\/12\/jasmine-flowers-white-4.1-Converted.png\",\"contentUrl\":\"https:\/\/therapielaser.ca\/wp-content\/uploads\/2023\/12\/jasmine-flowers-white-4.1-Converted.png\"},{\"@type\":\"BreadcrumbList\",\"@id\":\"http:\/\/oldtherapielaser.ca.musi-ka.info\/laval\/#breadcrumb\",\"itemListElement\":[{\"@type\":\"ListItem\",\"position\":1,\"name\":\"Home\",\"item\":\"https:\/\/oldtherapielaser.ca.musi-ka.info\/en\/\"},{\"@type\":\"ListItem\",\"position\":2,\"name\":\"Laval\"}]},{\"@type\":\"WebSite\",\"@id\":\"https:\/\/oldtherapielaser.ca.musi-ka.info\/en\/#website\",\"url\":\"https:\/\/oldtherapielaser.ca.musi-ka.info\/en\/\",\"name\":\"Sensation Therapie\",\"description\":\"M\u00e9decine Alternative\",\"publisher\":{\"@id\":\"https:\/\/oldtherapielaser.ca.musi-ka.info\/en\/#organization\"},\"alternateName\":\"Clinique Therapie Laser\",\"potentialAction\":[{\"@type\":\"SearchAction\",\"target\":{\"@type\":\"EntryPoint\",\"urlTemplate\":\"https:\/\/oldtherapielaser.ca.musi-ka.info\/en\/?s={search_term_string}\"},\"query-input\":{\"@type\":\"PropertyValueSpecification\",\"valueRequired\":true,\"valueName\":\"search_term_string\"}}],\"inLanguage\":\"en-US\"},{\"@type\":\"Organization\",\"@id\":\"https:\/\/oldtherapielaser.ca.musi-ka.info\/en\/#organization\",\"name\":\"Sensation Therapie\",\"alternateName\":\"Clinique Therapie Laser\",\"url\":\"https:\/\/oldtherapielaser.ca.musi-ka.info\/en\/\",\"logo\":{\"@type\":\"ImageObject\",\"inLanguage\":\"en-US\",\"@id\":\"https:\/\/oldtherapielaser.ca.musi-ka.info\/en\/#\/schema\/logo\/image\/\",\"url\":\"https:\/\/therapielaser.ca\/wp-content\/uploads\/2025\/07\/Logo-Small.jpg\",\"contentUrl\":\"https:\/\/therapielaser.ca\/wp-content\/uploads\/2025\/07\/Logo-Small.jpg\",\"width\":261,\"height\":258,\"caption\":\"Sensation Therapie\"},\"image\":{\"@id\":\"https:\/\/oldtherapielaser.ca.musi-ka.info\/en\/#\/schema\/logo\/image\/\"},\"sameAs\":[\"https:\/\/www.facebook.com\/sensation.therapy\/\"],\"description\":\"Sensation Therapie est une clinique multidisciplinaire sp\u00e9cialis\u00e9e dans les th\u00e9rapies naturelles pour le r\u00e9tablissement des d\u00e9pendances, la r\u00e9duction du stress et le bien-\u00eatre. Forte de plus de 20 ans d\u2019exp\u00e9rience, elle propose des traitements au laser avanc\u00e9s \u00e0 Montr\u00e9al, Laval et Brossard. Sa mission est d\u2019aider les gens \u00e0 am\u00e9liorer leur sant\u00e9 et \u00e0 reprendre le contr\u00f4le de leur vie sans m\u00e9dicaments ni traitements agressifs. Elle combine une th\u00e9rapie au laser douce, un coaching personnalis\u00e9 et des produits naturels pour des r\u00e9sultats optimaux.\",\"email\":\"info@therapielaser.ca\",\"telephone\":\"4504430300\",\"legalName\":\"Therapie Laser\",\"foundingDate\":\"2011-02-09\",\"numberOfEmployees\":{\"@type\":\"QuantitativeValue\",\"minValue\":\"1\",\"maxValue\":\"10\"},\"publishingPrinciples\":\"https:\/\/oldtherapielaser.ca.musi-ka.info\/en\/politique-retours-remboursements\/\",\"actionableFeedbackPolicy\":\"https:\/\/oldtherapielaser.ca.musi-ka.info\/en\/politique-retours-remboursements\/\"}]}<\/script>\n<!-- \/ Yoast SEO Premium plugin. -->","yoast_head_json":{"title":"Laval - Therapie Laser","description":"Th\u00e9rapies au laser \u00e0 Laval. Arr\u00eat du fumer, d\u00e9pendance, soulagement du stress et de l'anxi\u00e9t\u00e9. Plus de 42 000 patients aid\u00e9s.","robots":{"index":"index","follow":"follow","max-snippet":"max-snippet:-1","max-image-preview":"max-image-preview:large","max-video-preview":"max-video-preview:-1"},"canonical":"http:\/\/oldtherapielaser.ca.musi-ka.info\/en\/laval\/","og_locale":"en_US","og_type":"article","og_title":"Laval","og_description":"Th\u00e9rapies au laser \u00e0 Laval. Arr\u00eat du fumer, d\u00e9pendance, soulagement du stress et de l'anxi\u00e9t\u00e9. Plus de 42 000 patients aid\u00e9s.","og_url":"http:\/\/oldtherapielaser.ca.musi-ka.info\/en\/laval\/","og_site_name":"Therapie Laser","article_publisher":"https:\/\/www.facebook.com\/sensation.therapy\/","article_modified_time":"2025-08-17T16:42:22+00:00","og_image":[{"url":"https:\/\/therapielaser.ca\/wp-content\/uploads\/2023\/12\/jasmine-flowers-white-4.1-Converted.png","type":"","width":"","height":""}],"twitter_card":"summary_large_image","twitter_misc":{"Est. reading time":"3 minutes"},"schema":{"@context":"https:\/\/schema.org","@graph":[{"@type":"WebPage","@id":"http:\/\/oldtherapielaser.ca.musi-ka.info\/laval\/","url":"http:\/\/oldtherapielaser.ca.musi-ka.info\/laval\/","name":"Laval - Therapie Laser","isPartOf":{"@id":"https:\/\/oldtherapielaser.ca.musi-ka.info\/en\/#website"},"primaryImageOfPage":{"@id":"http:\/\/oldtherapielaser.ca.musi-ka.info\/laval\/#primaryimage"},"image":{"@id":"http:\/\/oldtherapielaser.ca.musi-ka.info\/laval\/#primaryimage"},"thumbnailUrl":"https:\/\/therapielaser.ca\/wp-content\/uploads\/2023\/12\/jasmine-flowers-white-4.1-Converted.png","datePublished":"2025-08-07T04:35:16+00:00","dateModified":"2025-08-17T16:42:22+00:00","description":"Th\u00e9rapies au laser \u00e0 Laval. Arr\u00eat du fumer, d\u00e9pendance, soulagement du stress et de l'anxi\u00e9t\u00e9. Plus de 42 000 patients aid\u00e9s.","breadcrumb":{"@id":"http:\/\/oldtherapielaser.ca.musi-ka.info\/laval\/#breadcrumb"},"inLanguage":"en-US","potentialAction":[{"@type":"ReadAction","target":["http:\/\/oldtherapielaser.ca.musi-ka.info\/laval\/"]}]},{"@type":"ImageObject","inLanguage":"en-US","@id":"http:\/\/oldtherapielaser.ca.musi-ka.info\/laval\/#primaryimage","url":"https:\/\/therapielaser.ca\/wp-content\/uploads\/2023\/12\/jasmine-flowers-white-4.1-Converted.png","contentUrl":"https:\/\/therapielaser.ca\/wp-content\/uploads\/2023\/12\/jasmine-flowers-white-4.1-Converted.png"},{"@type":"BreadcrumbList","@id":"http:\/\/oldtherapielaser.ca.musi-ka.info\/laval\/#breadcrumb","itemListElement":[{"@type":"ListItem","position":1,"name":"Home","item":"https:\/\/oldtherapielaser.ca.musi-ka.info\/en\/"},{"@type":"ListItem","position":2,"name":"Laval"}]},{"@type":"WebSite","@id":"https:\/\/oldtherapielaser.ca.musi-ka.info\/en\/#website","url":"https:\/\/oldtherapielaser.ca.musi-ka.info\/en\/","name":"Sensation Therapy","description":"Alternative Medicine","publisher":{"@id":"https:\/\/oldtherapielaser.ca.musi-ka.info\/en\/#organization"},"alternateName":"Clinique Therapie Laser","potentialAction":[{"@type":"SearchAction","target":{"@type":"EntryPoint","urlTemplate":"https:\/\/oldtherapielaser.ca.musi-ka.info\/en\/?s={search_term_string}"},"query-input":{"@type":"PropertyValueSpecification","valueRequired":true,"valueName":"search_term_string"}}],"inLanguage":"en-US"},{"@type":"Organization","@id":"https:\/\/oldtherapielaser.ca.musi-ka.info\/en\/#organization","name":"Sensation Therapy","alternateName":"Clinique Therapie Laser","url":"https:\/\/oldtherapielaser.ca.musi-ka.info\/en\/","logo":{"@type":"ImageObject","inLanguage":"en-US","@id":"https:\/\/oldtherapielaser.ca.musi-ka.info\/en\/#\/schema\/logo\/image\/","url":"https:\/\/therapielaser.ca\/wp-content\/uploads\/2025\/07\/Logo-Small.jpg","contentUrl":"https:\/\/therapielaser.ca\/wp-content\/uploads\/2025\/07\/Logo-Small.jpg","width":261,"height":258,"caption":"Sensation Therapie"},"image":{"@id":"https:\/\/oldtherapielaser.ca.musi-ka.info\/en\/#\/schema\/logo\/image\/"},"sameAs":["https:\/\/www.facebook.com\/sensation.therapy\/"],"description":"Sensation Therapy is a multidisciplinary clinic specializing in natural therapies for addiction recovery, stress reduction, and wellness. With over 20 years of experience, it offers advanced laser treatments in Montreal, Laval, and Brossard. Its mission is to help people improve their health and regain control of their lives without medication or harsh treatments. It combines gentle laser therapy, personalized coaching, and natural products for optimal results.","email":"info@therapielaser.ca","telephone":"4504430300","legalName":"Therapie Laser","foundingDate":"2011-02-09","numberOfEmployees":{"@type":"QuantitativeValue","minValue":"1","maxValue":"10"},"publishingPrinciples":"https:\/\/oldtherapielaser.ca.musi-ka.info\/en\/politique-retours-remboursements\/","actionableFeedbackPolicy":"https:\/\/oldtherapielaser.ca.musi-ka.info\/en\/politique-retours-remboursements\/"}]}},"_links":{"self":[{"href":"http:\/\/oldtherapielaser.ca.musi-ka.info\/en\/wp-json\/wp\/v2\/pages\/6124","targetHints":{"allow":["GET"]}}],"collection":[{"href":"http:\/\/oldtherapielaser.ca.musi-ka.info\/en\/wp-json\/wp\/v2\/pages"}],"about":[{"href":"http:\/\/oldtherapielaser.ca.musi-ka.info\/en\/wp-json\/wp\/v2\/types\/page"}],"author":[{"embeddable":true,"href":"http:\/\/oldtherapielaser.ca.musi-ka.info\/en\/wp-json\/wp\/v2\/users\/2"}],"replies":[{"embeddable":true,"href":"http:\/\/oldtherapielaser.ca.musi-ka.info\/en\/wp-json\/wp\/v2\/comments?post=6124"}],"version-history":[{"count":19,"href":"http:\/\/oldtherapielaser.ca.musi-ka.info\/en\/wp-json\/wp\/v2\/pages\/6124\/revisions"}],"predecessor-version":[{"id":6621,"href":"http:\/\/oldtherapielaser.ca.musi-ka.info\/en\/wp-json\/wp\/v2\/pages\/6124\/revisions\/6621"}],"wp:attachment":[{"href":"http:\/\/oldtherapielaser.ca.musi-ka.info\/en\/wp-json\/wp\/v2\/media?parent=6124"}],"curies":[{"name":"wp","href":"https:\/\/api.w.org\/{rel}","templated":true}]}}