{"id":544,"date":"2023-12-09T18:15:58","date_gmt":"2023-12-09T18:15:58","guid":{"rendered":"https:\/\/therapielaser.ca\/?page_id=544"},"modified":"2025-08-29T21:59:33","modified_gmt":"2025-08-30T01:59:33","slug":"stress-et-anxiete","status":"publish","type":"page","link":"https:\/\/oldtherapielaser.ca.musi-ka.info\/en\/stress-et-anxiete\/","title":{"rendered":"Stress and Anxiety"},"content":{"rendered":"<div data-elementor-type=\"wp-page\" data-elementor-id=\"544\" class=\"elementor elementor-544\" data-elementor-post-type=\"page\">\n\t\t\t\t\t\t<section class=\"elementor-section elementor-top-section elementor-element elementor-element-c4a6c83 elementor-section-boxed elementor-section-height-default elementor-section-height-default\" data-id=\"c4a6c83\" data-element_type=\"section\" data-settings=\"{&quot;background_background&quot;:&quot;classic&quot;}\">\n\t\t\t\t\t\t\t<div class=\"elementor-background-overlay\"><\/div>\n\t\t\t\t\t\t\t<div class=\"elementor-container elementor-column-gap-default\">\n\t\t\t\t\t<div class=\"elementor-column elementor-col-100 elementor-top-column elementor-element elementor-element-afc4d15\" data-id=\"afc4d15\" data-element_type=\"column\">\n\t\t\t<div class=\"elementor-widget-wrap\">\n\t\t\t\t\t\t\t<\/div>\n\t\t<\/div>\n\t\t\t\t\t<\/div>\n\t\t<\/section>\n\t\t\t\t<section class=\"elementor-section elementor-top-section elementor-element elementor-element-44e5a97 elementor-section-boxed elementor-section-height-default elementor-section-height-default\" data-id=\"44e5a97\" data-element_type=\"section\">\n\t\t\t\t\t\t<div class=\"elementor-container elementor-column-gap-default\">\n\t\t\t\t\t<div class=\"elementor-column elementor-col-100 elementor-top-column elementor-element elementor-element-f031751\" data-id=\"f031751\" data-element_type=\"column\" data-settings=\"{&quot;background_background&quot;:&quot;classic&quot;}\">\n\t\t\t<div class=\"elementor-widget-wrap elementor-element-populated\">\n\t\t\t\t\t\t<div class=\"elementor-element elementor-element-121e894 elementor-widget elementor-widget-heading\" data-id=\"121e894\" data-element_type=\"widget\" data-widget_type=\"heading.default\">\n\t\t\t\t<div class=\"elementor-widget-container\">\n\t\t\t\t\t<h4 class=\"elementor-heading-title elementor-size-default\">\ud83c\udf3f Stress and anxiety treatment \u2013 Only 275 $ \ud83d\udc9a Covered by most private insurances Available in Montreal, Laval and Brossard<\/h4>\t\t\t\t<\/div>\n\t\t\t\t<\/div>\n\t\t\t\t<div class=\"elementor-element elementor-element-3ba92db elementor-widget elementor-widget-text-editor\" data-id=\"3ba92db\" data-element_type=\"widget\" data-widget_type=\"text-editor.default\">\n\t\t\t\t<div class=\"elementor-widget-container\">\n\t\t\t\t\t\t\t\t\t<h3 data-start=\"745\" data-end=\"777\">\u2734\ufe0f What is stress?<\/h3><p data-start=\"778\" data-end=\"933\">Stress occurs when pressure, whether internal or external, exceeds your body&#039;s ability to adapt. There are many sources of stress:<\/p><ul data-start=\"934\" data-end=\"1144\"><li data-start=\"934\" data-end=\"989\"><p data-start=\"936\" data-end=\"989\"><strong data-start=\"936\" data-end=\"956\">Professionals<\/strong> : work overload, conflicts<\/p><\/li><li data-start=\"990\" data-end=\"1051\"><p data-start=\"992\" data-end=\"1051\"><strong data-start=\"992\" data-end=\"1008\">Personal<\/strong> : family expectations, financial pressure<\/p><\/li><li data-start=\"1052\" data-end=\"1144\"><p data-start=\"1054\" data-end=\"1144\"><strong data-start=\"1054\" data-end=\"1066\">Interns<\/strong> : guilt, self-criticism, anxiety or unexpressed emotional tension<\/p><\/li><\/ul><hr data-start=\"1146\" data-end=\"1149\" \/><h2 data-start=\"1151\" data-end=\"1206\">\ud83d\udd0e What does our STRESS CONTROL program consist of?<\/h2><p data-start=\"1208\" data-end=\"1340\">From the first session, a <strong data-start=\"1235\" data-end=\"1257\">personalized assessment<\/strong> is carried out with a certified naturopath to adapt the treatment to your needs.<\/p><h3 data-start=\"1342\" data-end=\"1367\">The program includes:<\/h3><p data-start=\"1369\" data-end=\"1578\">\ud83d\udd39 <strong data-start=\"1372\" data-end=\"1395\">Physical treatment<\/strong> :<br data-start=\"1397\" data-end=\"1400\" \/>Sessions of <strong data-start=\"1411\" data-end=\"1435\">gentle laser therapy<\/strong>, targeting ear points to stimulate endorphin production, reduce anxiety and promote relaxation. No side effects.<\/p><p data-start=\"1580\" data-end=\"1727\">\ud83d\udd39 <strong data-start=\"1583\" data-end=\"1608\">Psychological support<\/strong> :<br data-start=\"1610\" data-end=\"1613\" \/>Individual coaching, practical tools, documentation and advice to better understand your stress triggers.<\/p><p data-start=\"1729\" data-end=\"1846\">\ud83d\udd39 <strong data-start=\"1732\" data-end=\"1754\">Natural approach<\/strong> :<br data-start=\"1756\" data-end=\"1759\" \/>Recommendations for natural supplements and techniques for overall body rebalancing.<\/p><hr data-start=\"1848\" data-end=\"1851\" \/><h2 data-start=\"1853\" data-end=\"1891\">\u2705 Why choose our clinic?<\/h2><ul data-start=\"1893\" data-end=\"2161\"><li data-start=\"1893\" data-end=\"1974\"><p data-start=\"1895\" data-end=\"1974\"><strong data-start=\"1895\" data-end=\"1940\">Clinic specializing in stress management<\/strong> has <strong data-start=\"1943\" data-end=\"1974\">Montreal, Laval and Brossard<\/strong><\/p><\/li><li data-start=\"1975\" data-end=\"2047\"><p data-start=\"1977\" data-end=\"2047\">More than <strong data-start=\"1985\" data-end=\"2008\">10 years of experience<\/strong> in alternative medicine and laser therapy<\/p><\/li><li data-start=\"2048\" data-end=\"2104\"><p data-start=\"2050\" data-end=\"2104\">Approach <strong data-start=\"2059\" data-end=\"2081\">non-medicinal<\/strong>, soft and painless<\/p><\/li><li data-start=\"2105\" data-end=\"2161\"><p data-start=\"2107\" data-end=\"2161\">Quick appointments, calm and professional atmosphere<\/p><\/li><\/ul><p><br \/>Gentle laser, no side effects.<\/p>\t\t\t\t\t\t\t\t<\/div>\n\t\t\t\t<\/div>\n\t\t\t\t<div class=\"elementor-element elementor-element-3efc9e1 elementor-mobile-align-center elementor-widget elementor-widget-button\" data-id=\"3efc9e1\" data-element_type=\"widget\" data-widget_type=\"button.default\">\n\t\t\t\t<div class=\"elementor-widget-container\">\n\t\t\t\t\t\t\t\t\t<div class=\"elementor-button-wrapper\">\n\t\t\t\t\t<a class=\"elementor-button elementor-button-link elementor-size-sm\" href=\"https:\/\/laser.datedechoix.com\/main.php?language=french&#038;treatment=stress\">\n\t\t\t\t\t\t<span class=\"elementor-button-content-wrapper\">\n\t\t\t\t\t\t\t\t\t<span class=\"elementor-button-text\">Make an appointment<\/span>\n\t\t\t\t\t<\/span>\n\t\t\t\t\t<\/a>\n\t\t\t\t<\/div>\n\t\t\t\t\t\t\t\t<\/div>\n\t\t\t\t<\/div>\n\t\t\t\t<div class=\"elementor-element elementor-element-f313338 elementor-mobile-align-center elementor-widget elementor-widget-button\" data-id=\"f313338\" data-element_type=\"widget\" data-widget_type=\"button.default\">\n\t\t\t\t<div class=\"elementor-widget-container\">\n\t\t\t\t\t\t\t\t\t<div class=\"elementor-button-wrapper\">\n\t\t\t\t\t<a class=\"elementor-button elementor-button-link elementor-size-sm\" href=\"tel:%20(450)%20443-0300\">\n\t\t\t\t\t\t<span class=\"elementor-button-content-wrapper\">\n\t\t\t\t\t\t<span class=\"elementor-button-icon\">\n\t\t\t\t<svg aria-hidden=\"true\" class=\"e-font-icon-svg e-fas-phone-alt\" viewbox=\"0 0 512 512\" xmlns=\"http:\/\/www.w3.org\/2000\/svg\"><path d=\"M497.39 361.8l-112-48a24 24 0 0 0-28 6.9l-49.6 60.6A370.66 370.66 0 0 1 130.6 204.11l60.6-49.6a23.94 23.94 0 0 0 6.9-28l-48-112A24.16 24.16 0 0 0 122.6.61l-104 24A24 24 0 0 0 0 48c0 256.5 207.9 464 464 464a24 24 0 0 0 23.4-18.6l24-104a24.29 24.29 0 0 0-14.01-27.6z\"><\/path><\/svg>\t\t\t<\/span>\n\t\t\t\t\t\t\t\t\t<span class=\"elementor-button-text\">(450) 443-0300<\/span>\n\t\t\t\t\t<\/span>\n\t\t\t\t\t<\/a>\n\t\t\t\t<\/div>\n\t\t\t\t\t\t\t\t<\/div>\n\t\t\t\t<\/div>\n\t\t\t\t\t<\/div>\n\t\t<\/div>\n\t\t\t\t\t<\/div>\n\t\t<\/section>\n\t\t\t\t<section class=\"elementor-section elementor-top-section elementor-element elementor-element-fefcff3 elementor-section-boxed elementor-section-height-default elementor-section-height-default\" data-id=\"fefcff3\" data-element_type=\"section\" data-settings=\"{&quot;background_background&quot;:&quot;classic&quot;}\">\n\t\t\t\t\t\t<div class=\"elementor-container elementor-column-gap-default\">\n\t\t\t\t\t<div class=\"elementor-column elementor-col-50 elementor-top-column elementor-element elementor-element-c22d0ac\" data-id=\"c22d0ac\" data-element_type=\"column\">\n\t\t\t<div class=\"elementor-widget-wrap elementor-element-populated\">\n\t\t\t\t\t\t<div class=\"elementor-element elementor-element-03bb167 elementor-widget elementor-widget-heading\" data-id=\"03bb167\" data-element_type=\"widget\" data-widget_type=\"heading.default\">\n\t\t\t\t<div class=\"elementor-widget-container\">\n\t\t\t\t\t<h2 class=\"elementor-heading-title elementor-size-default\">We are here to help you.<\/h2>\t\t\t\t<\/div>\n\t\t\t\t<\/div>\n\t\t\t\t\t<\/div>\n\t\t<\/div>\n\t\t\t\t<div class=\"elementor-column elementor-col-50 elementor-top-column elementor-element elementor-element-c24bde0\" data-id=\"c24bde0\" data-element_type=\"column\">\n\t\t\t<div class=\"elementor-widget-wrap elementor-element-populated\">\n\t\t\t\t\t\t<div class=\"elementor-element elementor-element-9c57a0b elementor-widget elementor-widget-text-editor\" data-id=\"9c57a0b\" data-element_type=\"widget\" data-widget_type=\"text-editor.default\">\n\t\t\t\t<div class=\"elementor-widget-container\">\n\t\t\t\t\t\t\t\t\t<p>In addition to offering treatments for appetite control and smoking cessation, we offer other laser treatments for addiction and treatments related to stress and anxiety in Montreal, Brossard and Laval.<\/p>\t\t\t\t\t\t\t\t<\/div>\n\t\t\t\t<\/div>\n\t\t\t\t<div class=\"elementor-element elementor-element-1cbfaa8 elementor-mobile-align-center elementor-widget elementor-widget-button\" data-id=\"1cbfaa8\" data-element_type=\"widget\" data-widget_type=\"button.default\">\n\t\t\t\t<div class=\"elementor-widget-container\">\n\t\t\t\t\t\t\t\t\t<div class=\"elementor-button-wrapper\">\n\t\t\t\t\t<a class=\"elementor-button elementor-button-link elementor-size-sm\" href=\"https:\/\/oldtherapielaser.ca.musi-ka.info\/en\/contact\/\">\n\t\t\t\t\t\t<span class=\"elementor-button-content-wrapper\">\n\t\t\t\t\t\t\t\t\t<span class=\"elementor-button-text\">Get information<\/span>\n\t\t\t\t\t<\/span>\n\t\t\t\t\t<\/a>\n\t\t\t\t<\/div>\n\t\t\t\t\t\t\t\t<\/div>\n\t\t\t\t<\/div>\n\t\t\t\t\t<\/div>\n\t\t<\/div>\n\t\t\t\t\t<\/div>\n\t\t<\/section>\n\t\t\t\t<section class=\"elementor-section elementor-top-section elementor-element elementor-element-9c29891 elementor-section-boxed elementor-section-height-default elementor-section-height-default\" data-id=\"9c29891\" data-element_type=\"section\">\n\t\t\t\t\t\t<div class=\"elementor-container elementor-column-gap-default\">\n\t\t\t\t\t<div class=\"elementor-column elementor-col-100 elementor-top-column elementor-element elementor-element-f2a99ab\" data-id=\"f2a99ab\" data-element_type=\"column\">\n\t\t\t<div class=\"elementor-widget-wrap\">\n\t\t\t\t\t\t\t<\/div>\n\t\t<\/div>\n\t\t\t\t\t<\/div>\n\t\t<\/section>\n\t\t\t\t<\/div>","protected":false},"excerpt":{"rendered":"<p>\ud83c\udf3f Traitement du stress et de l\u2019anxi\u00e9t\u00e9 \u2013 Seulement 275\u202f$ \ud83d\udc9a Couvert par la majorit\u00e9 des assurances priv\u00e9es Disponible \u00e0 Montr\u00e9al, Laval et Brossard \u2734\ufe0f Qu\u2019est-ce que le stress? Le stress survient lorsqu\u2019une pression, interne ou externe, d\u00e9passe la capacit\u00e9 de votre corps \u00e0 s\u2019adapter. Les sources de stress peuvent \u00eatre nombreuses : Professionnelles : [&hellip;]<\/p>","protected":false},"author":1,"featured_media":0,"parent":0,"menu_order":0,"comment_status":"closed","ping_status":"closed","template":"elementor_header_footer","meta":{"footnotes":""},"class_list":["post-544","page","type-page","status-publish","hentry"],"yoast_head":"<!-- This site is optimized with the Yoast SEO Premium plugin v26.0 (Yoast SEO v26.0) - https:\/\/yoast.com\/wordpress\/plugins\/seo\/ -->\n<title>Stress and Anxiety - Therapie Laser<\/title>\n<meta name=\"description\" content=\"Traitement du stress et de l\u2019anxi\u00e9t\u00e9 par th\u00e9rapie laser auriculaire. Une approche naturelle, douce et efficace offerte \u00e0 Montr\u00e9al.\" \/>\n<meta name=\"robots\" content=\"index, follow, max-snippet:-1, max-image-preview:large, max-video-preview:-1\" \/>\n<link rel=\"canonical\" href=\"https:\/\/oldtherapielaser.ca.musi-ka.info\/en\/stress-et-anxiete\/\" \/>\n<meta property=\"og:locale\" content=\"en_US\" \/>\n<meta property=\"og:type\" content=\"article\" \/>\n<meta property=\"og:title\" content=\"Stress and Anxiety\" \/>\n<meta property=\"og:description\" content=\"Traitement du stress et de l\u2019anxi\u00e9t\u00e9 par th\u00e9rapie laser auriculaire. Une approche naturelle, douce et efficace offerte \u00e0 Montr\u00e9al.\" \/>\n<meta property=\"og:url\" content=\"https:\/\/oldtherapielaser.ca.musi-ka.info\/en\/stress-et-anxiete\/\" \/>\n<meta property=\"og:site_name\" content=\"Therapie Laser\" \/>\n<meta property=\"article:publisher\" content=\"https:\/\/www.facebook.com\/sensation.therapy\/\" \/>\n<meta property=\"article:modified_time\" content=\"2025-08-30T01:59:33+00:00\" \/>\n<meta property=\"og:image\" content=\"https:\/\/oldtherapielaser.ca.musi-ka.info\/wp-content\/uploads\/2025\/07\/Sansation-Logo_Vytu.png\" \/>\n\t<meta property=\"og:image:width\" content=\"1200\" \/>\n\t<meta property=\"og:image:height\" content=\"675\" \/>\n\t<meta property=\"og:image:type\" content=\"image\/png\" \/>\n<meta name=\"twitter:card\" content=\"summary_large_image\" \/>\n<meta name=\"twitter:label1\" content=\"Est. reading time\" \/>\n\t<meta name=\"twitter:data1\" content=\"3 minutes\" \/>\n<script type=\"application\/ld+json\" class=\"yoast-schema-graph\">{\"@context\":\"https:\/\/schema.org\",\"@graph\":[{\"@type\":\"WebPage\",\"@id\":\"https:\/\/oldtherapielaser.ca.musi-ka.info\/stress-et-anxiete\/\",\"url\":\"https:\/\/oldtherapielaser.ca.musi-ka.info\/stress-et-anxiete\/\",\"name\":\"Stress and Anxiety - Therapie Laser\",\"isPartOf\":{\"@id\":\"https:\/\/oldtherapielaser.ca.musi-ka.info\/en\/#website\"},\"datePublished\":\"2023-12-09T18:15:58+00:00\",\"dateModified\":\"2025-08-30T01:59:33+00:00\",\"description\":\"Traitement du stress et de l\u2019anxi\u00e9t\u00e9 par th\u00e9rapie laser auriculaire. Une approche naturelle, douce et efficace offerte \u00e0 Montr\u00e9al.\",\"breadcrumb\":{\"@id\":\"https:\/\/oldtherapielaser.ca.musi-ka.info\/stress-et-anxiete\/#breadcrumb\"},\"inLanguage\":\"en-US\",\"potentialAction\":[{\"@type\":\"ReadAction\",\"target\":[\"https:\/\/oldtherapielaser.ca.musi-ka.info\/stress-et-anxiete\/\"]}]},{\"@type\":\"BreadcrumbList\",\"@id\":\"https:\/\/oldtherapielaser.ca.musi-ka.info\/stress-et-anxiete\/#breadcrumb\",\"itemListElement\":[{\"@type\":\"ListItem\",\"position\":1,\"name\":\"Home\",\"item\":\"https:\/\/oldtherapielaser.ca.musi-ka.info\/en\/\"},{\"@type\":\"ListItem\",\"position\":2,\"name\":\"Stress and Anxiety\"}]},{\"@type\":\"WebSite\",\"@id\":\"https:\/\/oldtherapielaser.ca.musi-ka.info\/en\/#website\",\"url\":\"https:\/\/oldtherapielaser.ca.musi-ka.info\/en\/\",\"name\":\"Sensation Therapie\",\"description\":\"M\u00e9decine Alternative\",\"publisher\":{\"@id\":\"https:\/\/oldtherapielaser.ca.musi-ka.info\/en\/#organization\"},\"alternateName\":\"Clinique Therapie Laser\",\"potentialAction\":[{\"@type\":\"SearchAction\",\"target\":{\"@type\":\"EntryPoint\",\"urlTemplate\":\"https:\/\/oldtherapielaser.ca.musi-ka.info\/en\/?s={search_term_string}\"},\"query-input\":{\"@type\":\"PropertyValueSpecification\",\"valueRequired\":true,\"valueName\":\"search_term_string\"}}],\"inLanguage\":\"en-US\"},{\"@type\":\"Organization\",\"@id\":\"https:\/\/oldtherapielaser.ca.musi-ka.info\/en\/#organization\",\"name\":\"Sensation Therapie\",\"alternateName\":\"Clinique Therapie Laser\",\"url\":\"https:\/\/oldtherapielaser.ca.musi-ka.info\/en\/\",\"logo\":{\"@type\":\"ImageObject\",\"inLanguage\":\"en-US\",\"@id\":\"https:\/\/oldtherapielaser.ca.musi-ka.info\/en\/#\/schema\/logo\/image\/\",\"url\":\"https:\/\/therapielaser.ca\/wp-content\/uploads\/2025\/07\/Logo-Small.jpg\",\"contentUrl\":\"https:\/\/therapielaser.ca\/wp-content\/uploads\/2025\/07\/Logo-Small.jpg\",\"width\":261,\"height\":258,\"caption\":\"Sensation Therapie\"},\"image\":{\"@id\":\"https:\/\/oldtherapielaser.ca.musi-ka.info\/en\/#\/schema\/logo\/image\/\"},\"sameAs\":[\"https:\/\/www.facebook.com\/sensation.therapy\/\"],\"description\":\"Sensation Therapie est une clinique multidisciplinaire sp\u00e9cialis\u00e9e dans les th\u00e9rapies naturelles pour le r\u00e9tablissement des d\u00e9pendances, la r\u00e9duction du stress et le bien-\u00eatre. Forte de plus de 20 ans d\u2019exp\u00e9rience, elle propose des traitements au laser avanc\u00e9s \u00e0 Montr\u00e9al, Laval et Brossard. Sa mission est d\u2019aider les gens \u00e0 am\u00e9liorer leur sant\u00e9 et \u00e0 reprendre le contr\u00f4le de leur vie sans m\u00e9dicaments ni traitements agressifs. Elle combine une th\u00e9rapie au laser douce, un coaching personnalis\u00e9 et des produits naturels pour des r\u00e9sultats optimaux.\",\"email\":\"info@therapielaser.ca\",\"telephone\":\"4504430300\",\"legalName\":\"Therapie Laser\",\"foundingDate\":\"2011-02-09\",\"numberOfEmployees\":{\"@type\":\"QuantitativeValue\",\"minValue\":\"1\",\"maxValue\":\"10\"},\"publishingPrinciples\":\"https:\/\/oldtherapielaser.ca.musi-ka.info\/en\/politique-retours-remboursements\/\",\"actionableFeedbackPolicy\":\"https:\/\/oldtherapielaser.ca.musi-ka.info\/en\/politique-retours-remboursements\/\"}]}<\/script>\n<!-- \/ Yoast SEO Premium plugin. -->","yoast_head_json":{"title":"Stress and Anxiety - Therapie Laser","description":"Traitement du stress et de l\u2019anxi\u00e9t\u00e9 par th\u00e9rapie laser auriculaire. Une approche naturelle, douce et efficace offerte \u00e0 Montr\u00e9al.","robots":{"index":"index","follow":"follow","max-snippet":"max-snippet:-1","max-image-preview":"max-image-preview:large","max-video-preview":"max-video-preview:-1"},"canonical":"https:\/\/oldtherapielaser.ca.musi-ka.info\/en\/stress-et-anxiete\/","og_locale":"en_US","og_type":"article","og_title":"Stress and Anxiety","og_description":"Traitement du stress et de l\u2019anxi\u00e9t\u00e9 par th\u00e9rapie laser auriculaire. Une approche naturelle, douce et efficace offerte \u00e0 Montr\u00e9al.","og_url":"https:\/\/oldtherapielaser.ca.musi-ka.info\/en\/stress-et-anxiete\/","og_site_name":"Therapie Laser","article_publisher":"https:\/\/www.facebook.com\/sensation.therapy\/","article_modified_time":"2025-08-30T01:59:33+00:00","og_image":[{"width":1200,"height":675,"url":"https:\/\/oldtherapielaser.ca.musi-ka.info\/wp-content\/uploads\/2025\/07\/Sansation-Logo_Vytu.png","type":"image\/png"}],"twitter_card":"summary_large_image","twitter_misc":{"Est. reading time":"3 minutes"},"schema":{"@context":"https:\/\/schema.org","@graph":[{"@type":"WebPage","@id":"https:\/\/oldtherapielaser.ca.musi-ka.info\/stress-et-anxiete\/","url":"https:\/\/oldtherapielaser.ca.musi-ka.info\/stress-et-anxiete\/","name":"Stress and Anxiety - Therapie Laser","isPartOf":{"@id":"https:\/\/oldtherapielaser.ca.musi-ka.info\/en\/#website"},"datePublished":"2023-12-09T18:15:58+00:00","dateModified":"2025-08-30T01:59:33+00:00","description":"Traitement du stress et de l\u2019anxi\u00e9t\u00e9 par th\u00e9rapie laser auriculaire. Une approche naturelle, douce et efficace offerte \u00e0 Montr\u00e9al.","breadcrumb":{"@id":"https:\/\/oldtherapielaser.ca.musi-ka.info\/stress-et-anxiete\/#breadcrumb"},"inLanguage":"en-US","potentialAction":[{"@type":"ReadAction","target":["https:\/\/oldtherapielaser.ca.musi-ka.info\/stress-et-anxiete\/"]}]},{"@type":"BreadcrumbList","@id":"https:\/\/oldtherapielaser.ca.musi-ka.info\/stress-et-anxiete\/#breadcrumb","itemListElement":[{"@type":"ListItem","position":1,"name":"Home","item":"https:\/\/oldtherapielaser.ca.musi-ka.info\/en\/"},{"@type":"ListItem","position":2,"name":"Stress and Anxiety"}]},{"@type":"WebSite","@id":"https:\/\/oldtherapielaser.ca.musi-ka.info\/en\/#website","url":"https:\/\/oldtherapielaser.ca.musi-ka.info\/en\/","name":"Sensation Therapy","description":"Alternative Medicine","publisher":{"@id":"https:\/\/oldtherapielaser.ca.musi-ka.info\/en\/#organization"},"alternateName":"Clinique Therapie Laser","potentialAction":[{"@type":"SearchAction","target":{"@type":"EntryPoint","urlTemplate":"https:\/\/oldtherapielaser.ca.musi-ka.info\/en\/?s={search_term_string}"},"query-input":{"@type":"PropertyValueSpecification","valueRequired":true,"valueName":"search_term_string"}}],"inLanguage":"en-US"},{"@type":"Organization","@id":"https:\/\/oldtherapielaser.ca.musi-ka.info\/en\/#organization","name":"Sensation Therapy","alternateName":"Clinique Therapie Laser","url":"https:\/\/oldtherapielaser.ca.musi-ka.info\/en\/","logo":{"@type":"ImageObject","inLanguage":"en-US","@id":"https:\/\/oldtherapielaser.ca.musi-ka.info\/en\/#\/schema\/logo\/image\/","url":"https:\/\/therapielaser.ca\/wp-content\/uploads\/2025\/07\/Logo-Small.jpg","contentUrl":"https:\/\/therapielaser.ca\/wp-content\/uploads\/2025\/07\/Logo-Small.jpg","width":261,"height":258,"caption":"Sensation Therapie"},"image":{"@id":"https:\/\/oldtherapielaser.ca.musi-ka.info\/en\/#\/schema\/logo\/image\/"},"sameAs":["https:\/\/www.facebook.com\/sensation.therapy\/"],"description":"Sensation Therapy is a multidisciplinary clinic specializing in natural therapies for addiction recovery, stress reduction, and wellness. With over 20 years of experience, it offers advanced laser treatments in Montreal, Laval, and Brossard. Its mission is to help people improve their health and regain control of their lives without medication or harsh treatments. It combines gentle laser therapy, personalized coaching, and natural products for optimal results.","email":"info@therapielaser.ca","telephone":"4504430300","legalName":"Therapie Laser","foundingDate":"2011-02-09","numberOfEmployees":{"@type":"QuantitativeValue","minValue":"1","maxValue":"10"},"publishingPrinciples":"https:\/\/oldtherapielaser.ca.musi-ka.info\/en\/politique-retours-remboursements\/","actionableFeedbackPolicy":"https:\/\/oldtherapielaser.ca.musi-ka.info\/en\/politique-retours-remboursements\/"}]}},"_links":{"self":[{"href":"https:\/\/oldtherapielaser.ca.musi-ka.info\/en\/wp-json\/wp\/v2\/pages\/544","targetHints":{"allow":["GET"]}}],"collection":[{"href":"https:\/\/oldtherapielaser.ca.musi-ka.info\/en\/wp-json\/wp\/v2\/pages"}],"about":[{"href":"https:\/\/oldtherapielaser.ca.musi-ka.info\/en\/wp-json\/wp\/v2\/types\/page"}],"author":[{"embeddable":true,"href":"https:\/\/oldtherapielaser.ca.musi-ka.info\/en\/wp-json\/wp\/v2\/users\/1"}],"replies":[{"embeddable":true,"href":"https:\/\/oldtherapielaser.ca.musi-ka.info\/en\/wp-json\/wp\/v2\/comments?post=544"}],"version-history":[{"count":97,"href":"https:\/\/oldtherapielaser.ca.musi-ka.info\/en\/wp-json\/wp\/v2\/pages\/544\/revisions"}],"predecessor-version":[{"id":6589,"href":"https:\/\/oldtherapielaser.ca.musi-ka.info\/en\/wp-json\/wp\/v2\/pages\/544\/revisions\/6589"}],"wp:attachment":[{"href":"https:\/\/oldtherapielaser.ca.musi-ka.info\/en\/wp-json\/wp\/v2\/media?parent=544"}],"curies":[{"name":"wp","href":"https:\/\/api.w.org\/{rel}","templated":true}]}}