{"id":1016,"date":"2024-01-19T22:13:46","date_gmt":"2024-01-19T22:13:46","guid":{"rendered":"https:\/\/therapielaser.ca\/?post_type=product&#038;p=1016"},"modified":"2025-07-11T17:44:25","modified_gmt":"2025-07-11T17:44:25","slug":"depot-traitements","status":"publish","type":"product","link":"https:\/\/oldtherapielaser.ca.musi-ka.info\/en\/products\/depot-traitements\/","title":{"rendered":"Treatment Deposit"},"content":{"rendered":"<p>We&#039;re delighted you&#039;re considering our exceptional treatment services. To ensure we can accommodate you on the date and time of your choice, we have implemented a 35 $ deposit policy. This deposit is required to secure your reservation and cover the costs associated with preparing your treatment.<\/p>\n<p>&nbsp;<\/p>\n<p>The 35 $ deposit will be deducted from the total cost of your treatment when you arrive at our facility. This ensures your place is reserved and we can provide you with the best possible service. If you need to cancel or change your booking, please notify us at least 24 hours in advance so we can refund your deposit in full.<\/p>\n<p>&nbsp;<\/p>\n<p>We understand that flexibility is important, which is why we&#039;ve implemented this policy to ensure a smooth and enjoyable experience for all our guests. Book now with confidence, knowing that your deposit will be invested in your well-being and satisfaction. We look forward to welcoming you and providing you with exceptional service.<\/p>","protected":false},"excerpt":{"rendered":"<p>Pour garantir votre r\u00e9servation de l&rsquo;un de nos traitements, nous demandons un d\u00e9p\u00f4t de 35 $. Ce montant sera d\u00e9duit du co\u00fbt total de votre traitement lorsque vous viendrez nous rendre visite. R\u00e9servez d\u00e8s maintenant pour assurer votre place !<\/p>","protected":false},"featured_media":255,"template":"","meta":[],"product_brand":[],"product_cat":[20],"product_tag":[],"class_list":{"0":"post-1016","1":"product","2":"type-product","3":"status-publish","4":"has-post-thumbnail","6":"product_cat-uncategorized","7":"product_shipping_class-free","9":"first","10":"instock","11":"virtual","12":"taxable","13":"purchasable","14":"product-type-simple"},"yoast_head":"<!-- This site is optimized with the Yoast SEO Premium plugin v26.0 (Yoast SEO v26.0) - https:\/\/yoast.com\/wordpress\/plugins\/seo\/ -->\n<title>D\u00e9p\u00f4t Traitements - Therapie Laser<\/title>\n<meta name=\"description\" content=\"Confirmez votre rendez-vous \u00e0 la Clinique Sensation Th\u00e9rapie avec un d\u00e9p\u00f4t en ligne. Ce montant sera d\u00e9duit de votre facture finale. Simple, s\u00e9curis\u00e9 et sans surprise.\" \/>\n<meta name=\"robots\" content=\"index, follow, max-snippet:-1, max-image-preview:large, max-video-preview:-1\" \/>\n<link rel=\"canonical\" href=\"https:\/\/oldtherapielaser.ca.musi-ka.info\/en\/products\/depot-traitements\/\" \/>\n<meta property=\"og:locale\" content=\"en_US\" \/>\n<meta property=\"og:type\" content=\"article\" \/>\n<meta property=\"og:title\" content=\"D\u00e9p\u00f4t Traitements\" \/>\n<meta property=\"og:description\" content=\"Confirmez votre rendez-vous \u00e0 la Clinique Sensation Th\u00e9rapie avec un d\u00e9p\u00f4t en ligne. Ce montant sera d\u00e9duit de votre facture finale. Simple, s\u00e9curis\u00e9 et sans surprise.\" \/>\n<meta property=\"og:url\" content=\"https:\/\/oldtherapielaser.ca.musi-ka.info\/en\/products\/depot-traitements\/\" \/>\n<meta property=\"og:site_name\" content=\"Therapie Laser\" \/>\n<meta property=\"article:publisher\" content=\"https:\/\/www.facebook.com\/sensation.therapy\/\" \/>\n<meta property=\"article:modified_time\" content=\"2025-07-11T17:44:25+00:00\" \/>\n<meta property=\"og:image\" content=\"https:\/\/oldtherapielaser.ca.musi-ka.info\/wp-content\/uploads\/2023\/12\/cropped-Sansation-Logo_1-1.png\" \/>\n\t<meta property=\"og:image:width\" content=\"512\" \/>\n\t<meta property=\"og:image:height\" content=\"512\" \/>\n\t<meta property=\"og:image:type\" content=\"image\/png\" \/>\n<meta name=\"twitter:card\" content=\"summary_large_image\" \/>\n<meta name=\"twitter:label1\" content=\"Est. reading time\" \/>\n\t<meta name=\"twitter:data1\" content=\"2 minutes\" \/>\n<script type=\"application\/ld+json\" class=\"yoast-schema-graph\">{\"@context\":\"https:\/\/schema.org\",\"@graph\":[{\"@type\":\"WebPage\",\"@id\":\"https:\/\/oldtherapielaser.ca.musi-ka.info\/products\/depot-traitements\/\",\"url\":\"https:\/\/oldtherapielaser.ca.musi-ka.info\/products\/depot-traitements\/\",\"name\":\"D\u00e9p\u00f4t Traitements - Therapie Laser\",\"isPartOf\":{\"@id\":\"https:\/\/oldtherapielaser.ca.musi-ka.info\/en\/#website\"},\"primaryImageOfPage\":{\"@id\":\"https:\/\/oldtherapielaser.ca.musi-ka.info\/products\/depot-traitements\/#primaryimage\"},\"image\":{\"@id\":\"https:\/\/oldtherapielaser.ca.musi-ka.info\/products\/depot-traitements\/#primaryimage\"},\"thumbnailUrl\":\"https:\/\/oldtherapielaser.ca.musi-ka.info\/wp-content\/uploads\/2023\/12\/cropped-Sansation-Logo_1-1.png\",\"datePublished\":\"2024-01-19T22:13:46+00:00\",\"dateModified\":\"2025-07-11T17:44:25+00:00\",\"description\":\"Confirmez votre rendez-vous \u00e0 la Clinique Sensation Th\u00e9rapie avec un d\u00e9p\u00f4t en ligne. Ce montant sera d\u00e9duit de votre facture finale. Simple, s\u00e9curis\u00e9 et sans surprise.\",\"breadcrumb\":{\"@id\":\"https:\/\/oldtherapielaser.ca.musi-ka.info\/products\/depot-traitements\/#breadcrumb\"},\"inLanguage\":\"en-US\",\"potentialAction\":[{\"@type\":\"ReadAction\",\"target\":[\"https:\/\/oldtherapielaser.ca.musi-ka.info\/products\/depot-traitements\/\"]}]},{\"@type\":\"ImageObject\",\"inLanguage\":\"en-US\",\"@id\":\"https:\/\/oldtherapielaser.ca.musi-ka.info\/products\/depot-traitements\/#primaryimage\",\"url\":\"https:\/\/oldtherapielaser.ca.musi-ka.info\/wp-content\/uploads\/2023\/12\/cropped-Sansation-Logo_1-1.png\",\"contentUrl\":\"https:\/\/oldtherapielaser.ca.musi-ka.info\/wp-content\/uploads\/2023\/12\/cropped-Sansation-Logo_1-1.png\",\"width\":512,\"height\":512,\"caption\":\"Sensation Therapie Logo\"},{\"@type\":\"BreadcrumbList\",\"@id\":\"https:\/\/oldtherapielaser.ca.musi-ka.info\/products\/depot-traitements\/#breadcrumb\",\"itemListElement\":[{\"@type\":\"ListItem\",\"position\":1,\"name\":\"Home\",\"item\":\"https:\/\/oldtherapielaser.ca.musi-ka.info\/en\/\"},{\"@type\":\"ListItem\",\"position\":2,\"name\":\"Shop\",\"item\":\"https:\/\/oldtherapielaser.ca.musi-ka.info\/shop\/\"},{\"@type\":\"ListItem\",\"position\":3,\"name\":\"D\u00e9p\u00f4t Traitements\"}]},{\"@type\":\"WebSite\",\"@id\":\"https:\/\/oldtherapielaser.ca.musi-ka.info\/en\/#website\",\"url\":\"https:\/\/oldtherapielaser.ca.musi-ka.info\/en\/\",\"name\":\"Sensation Therapie\",\"description\":\"M\u00e9decine Alternative\",\"publisher\":{\"@id\":\"https:\/\/oldtherapielaser.ca.musi-ka.info\/en\/#organization\"},\"alternateName\":\"Clinique Therapie Laser\",\"potentialAction\":[{\"@type\":\"SearchAction\",\"target\":{\"@type\":\"EntryPoint\",\"urlTemplate\":\"https:\/\/oldtherapielaser.ca.musi-ka.info\/en\/?s={search_term_string}\"},\"query-input\":{\"@type\":\"PropertyValueSpecification\",\"valueRequired\":true,\"valueName\":\"search_term_string\"}}],\"inLanguage\":\"en-US\"},{\"@type\":\"Organization\",\"@id\":\"https:\/\/oldtherapielaser.ca.musi-ka.info\/en\/#organization\",\"name\":\"Sensation Therapie\",\"alternateName\":\"Clinique Therapie Laser\",\"url\":\"https:\/\/oldtherapielaser.ca.musi-ka.info\/en\/\",\"logo\":{\"@type\":\"ImageObject\",\"inLanguage\":\"en-US\",\"@id\":\"https:\/\/oldtherapielaser.ca.musi-ka.info\/en\/#\/schema\/logo\/image\/\",\"url\":\"https:\/\/therapielaser.ca\/wp-content\/uploads\/2025\/07\/Logo-Small.jpg\",\"contentUrl\":\"https:\/\/therapielaser.ca\/wp-content\/uploads\/2025\/07\/Logo-Small.jpg\",\"width\":261,\"height\":258,\"caption\":\"Sensation Therapie\"},\"image\":{\"@id\":\"https:\/\/oldtherapielaser.ca.musi-ka.info\/en\/#\/schema\/logo\/image\/\"},\"sameAs\":[\"https:\/\/www.facebook.com\/sensation.therapy\/\"],\"description\":\"Sensation Therapie est une clinique multidisciplinaire sp\u00e9cialis\u00e9e dans les th\u00e9rapies naturelles pour le r\u00e9tablissement des d\u00e9pendances, la r\u00e9duction du stress et le bien-\u00eatre. Forte de plus de 20 ans d\u2019exp\u00e9rience, elle propose des traitements au laser avanc\u00e9s \u00e0 Montr\u00e9al, Laval et Brossard. Sa mission est d\u2019aider les gens \u00e0 am\u00e9liorer leur sant\u00e9 et \u00e0 reprendre le contr\u00f4le de leur vie sans m\u00e9dicaments ni traitements agressifs. Elle combine une th\u00e9rapie au laser douce, un coaching personnalis\u00e9 et des produits naturels pour des r\u00e9sultats optimaux.\",\"email\":\"info@therapielaser.ca\",\"telephone\":\"4504430300\",\"legalName\":\"Therapie Laser\",\"foundingDate\":\"2011-02-09\",\"numberOfEmployees\":{\"@type\":\"QuantitativeValue\",\"minValue\":\"1\",\"maxValue\":\"10\"},\"publishingPrinciples\":\"https:\/\/oldtherapielaser.ca.musi-ka.info\/en\/politique-retours-remboursements\/\",\"actionableFeedbackPolicy\":\"https:\/\/oldtherapielaser.ca.musi-ka.info\/en\/politique-retours-remboursements\/\"}]}<\/script>\n<!-- \/ Yoast SEO Premium plugin. -->","yoast_head_json":{"title":"D\u00e9p\u00f4t Traitements - Therapie Laser","description":"Confirmez votre rendez-vous \u00e0 la Clinique Sensation Th\u00e9rapie avec un d\u00e9p\u00f4t en ligne. Ce montant sera d\u00e9duit de votre facture finale. Simple, s\u00e9curis\u00e9 et sans surprise.","robots":{"index":"index","follow":"follow","max-snippet":"max-snippet:-1","max-image-preview":"max-image-preview:large","max-video-preview":"max-video-preview:-1"},"canonical":"https:\/\/oldtherapielaser.ca.musi-ka.info\/en\/products\/depot-traitements\/","og_locale":"en_US","og_type":"article","og_title":"D\u00e9p\u00f4t Traitements","og_description":"Confirmez votre rendez-vous \u00e0 la Clinique Sensation Th\u00e9rapie avec un d\u00e9p\u00f4t en ligne. Ce montant sera d\u00e9duit de votre facture finale. Simple, s\u00e9curis\u00e9 et sans surprise.","og_url":"https:\/\/oldtherapielaser.ca.musi-ka.info\/en\/products\/depot-traitements\/","og_site_name":"Therapie Laser","article_publisher":"https:\/\/www.facebook.com\/sensation.therapy\/","article_modified_time":"2025-07-11T17:44:25+00:00","og_image":[{"width":512,"height":512,"url":"https:\/\/oldtherapielaser.ca.musi-ka.info\/wp-content\/uploads\/2023\/12\/cropped-Sansation-Logo_1-1.png","type":"image\/png"}],"twitter_card":"summary_large_image","twitter_misc":{"Est. reading time":"2 minutes"},"schema":{"@context":"https:\/\/schema.org","@graph":[{"@type":"WebPage","@id":"https:\/\/oldtherapielaser.ca.musi-ka.info\/products\/depot-traitements\/","url":"https:\/\/oldtherapielaser.ca.musi-ka.info\/products\/depot-traitements\/","name":"D\u00e9p\u00f4t Traitements - Therapie Laser","isPartOf":{"@id":"https:\/\/oldtherapielaser.ca.musi-ka.info\/en\/#website"},"primaryImageOfPage":{"@id":"https:\/\/oldtherapielaser.ca.musi-ka.info\/products\/depot-traitements\/#primaryimage"},"image":{"@id":"https:\/\/oldtherapielaser.ca.musi-ka.info\/products\/depot-traitements\/#primaryimage"},"thumbnailUrl":"https:\/\/oldtherapielaser.ca.musi-ka.info\/wp-content\/uploads\/2023\/12\/cropped-Sansation-Logo_1-1.png","datePublished":"2024-01-19T22:13:46+00:00","dateModified":"2025-07-11T17:44:25+00:00","description":"Confirmez votre rendez-vous \u00e0 la Clinique Sensation Th\u00e9rapie avec un d\u00e9p\u00f4t en ligne. Ce montant sera d\u00e9duit de votre facture finale. Simple, s\u00e9curis\u00e9 et sans surprise.","breadcrumb":{"@id":"https:\/\/oldtherapielaser.ca.musi-ka.info\/products\/depot-traitements\/#breadcrumb"},"inLanguage":"en-US","potentialAction":[{"@type":"ReadAction","target":["https:\/\/oldtherapielaser.ca.musi-ka.info\/products\/depot-traitements\/"]}]},{"@type":"ImageObject","inLanguage":"en-US","@id":"https:\/\/oldtherapielaser.ca.musi-ka.info\/products\/depot-traitements\/#primaryimage","url":"https:\/\/oldtherapielaser.ca.musi-ka.info\/wp-content\/uploads\/2023\/12\/cropped-Sansation-Logo_1-1.png","contentUrl":"https:\/\/oldtherapielaser.ca.musi-ka.info\/wp-content\/uploads\/2023\/12\/cropped-Sansation-Logo_1-1.png","width":512,"height":512,"caption":"Sensation Therapie Logo"},{"@type":"BreadcrumbList","@id":"https:\/\/oldtherapielaser.ca.musi-ka.info\/products\/depot-traitements\/#breadcrumb","itemListElement":[{"@type":"ListItem","position":1,"name":"Home","item":"https:\/\/oldtherapielaser.ca.musi-ka.info\/en\/"},{"@type":"ListItem","position":2,"name":"Shop","item":"https:\/\/oldtherapielaser.ca.musi-ka.info\/shop\/"},{"@type":"ListItem","position":3,"name":"D\u00e9p\u00f4t Traitements"}]},{"@type":"WebSite","@id":"https:\/\/oldtherapielaser.ca.musi-ka.info\/en\/#website","url":"https:\/\/oldtherapielaser.ca.musi-ka.info\/en\/","name":"Sensation Therapy","description":"Alternative Medicine","publisher":{"@id":"https:\/\/oldtherapielaser.ca.musi-ka.info\/en\/#organization"},"alternateName":"Clinique Therapie Laser","potentialAction":[{"@type":"SearchAction","target":{"@type":"EntryPoint","urlTemplate":"https:\/\/oldtherapielaser.ca.musi-ka.info\/en\/?s={search_term_string}"},"query-input":{"@type":"PropertyValueSpecification","valueRequired":true,"valueName":"search_term_string"}}],"inLanguage":"en-US"},{"@type":"Organization","@id":"https:\/\/oldtherapielaser.ca.musi-ka.info\/en\/#organization","name":"Sensation Therapy","alternateName":"Clinique Therapie Laser","url":"https:\/\/oldtherapielaser.ca.musi-ka.info\/en\/","logo":{"@type":"ImageObject","inLanguage":"en-US","@id":"https:\/\/oldtherapielaser.ca.musi-ka.info\/en\/#\/schema\/logo\/image\/","url":"https:\/\/therapielaser.ca\/wp-content\/uploads\/2025\/07\/Logo-Small.jpg","contentUrl":"https:\/\/therapielaser.ca\/wp-content\/uploads\/2025\/07\/Logo-Small.jpg","width":261,"height":258,"caption":"Sensation Therapie"},"image":{"@id":"https:\/\/oldtherapielaser.ca.musi-ka.info\/en\/#\/schema\/logo\/image\/"},"sameAs":["https:\/\/www.facebook.com\/sensation.therapy\/"],"description":"Sensation Therapy is a multidisciplinary clinic specializing in natural therapies for addiction recovery, stress reduction, and wellness. With over 20 years of experience, it offers advanced laser treatments in Montreal, Laval, and Brossard. Its mission is to help people improve their health and regain control of their lives without medication or harsh treatments. It combines gentle laser therapy, personalized coaching, and natural products for optimal results.","email":"info@therapielaser.ca","telephone":"4504430300","legalName":"Therapie Laser","foundingDate":"2011-02-09","numberOfEmployees":{"@type":"QuantitativeValue","minValue":"1","maxValue":"10"},"publishingPrinciples":"https:\/\/oldtherapielaser.ca.musi-ka.info\/en\/politique-retours-remboursements\/","actionableFeedbackPolicy":"https:\/\/oldtherapielaser.ca.musi-ka.info\/en\/politique-retours-remboursements\/"}]}},"_links":{"self":[{"href":"https:\/\/oldtherapielaser.ca.musi-ka.info\/en\/wp-json\/wp\/v2\/product\/1016","targetHints":{"allow":["GET"]}}],"collection":[{"href":"https:\/\/oldtherapielaser.ca.musi-ka.info\/en\/wp-json\/wp\/v2\/product"}],"about":[{"href":"https:\/\/oldtherapielaser.ca.musi-ka.info\/en\/wp-json\/wp\/v2\/types\/product"}],"wp:featuredmedia":[{"embeddable":true,"href":"https:\/\/oldtherapielaser.ca.musi-ka.info\/en\/wp-json\/wp\/v2\/media\/255"}],"wp:attachment":[{"href":"https:\/\/oldtherapielaser.ca.musi-ka.info\/en\/wp-json\/wp\/v2\/media?parent=1016"}],"wp:term":[{"taxonomy":"product_brand","embeddable":true,"href":"https:\/\/oldtherapielaser.ca.musi-ka.info\/en\/wp-json\/wp\/v2\/product_brand?post=1016"},{"taxonomy":"product_cat","embeddable":true,"href":"https:\/\/oldtherapielaser.ca.musi-ka.info\/en\/wp-json\/wp\/v2\/product_cat?post=1016"},{"taxonomy":"product_tag","embeddable":true,"href":"https:\/\/oldtherapielaser.ca.musi-ka.info\/en\/wp-json\/wp\/v2\/product_tag?post=1016"}],"curies":[{"name":"wp","href":"https:\/\/api.w.org\/{rel}","templated":true}]}}