{"id":489,"date":"2023-12-09T17:43:53","date_gmt":"2023-12-09T17:43:53","guid":{"rendered":"https:\/\/therapielaser.ca\/?post_type=product&#038;p=489"},"modified":"2025-04-25T22:30:30","modified_gmt":"2025-04-25T22:30:30","slug":"magnesium","status":"publish","type":"product","link":"https:\/\/oldtherapielaser.ca.musi-ka.info\/en\/products\/magnesium\/","title":{"rendered":"Ionic Magnesium"},"content":{"rendered":"<p>The symptoms of magnesium deficiency are easy to recognize. These include headaches, poor sleep, nervousness and difficulty relaxing, stiff joints, and high blood pressure. Magnesium deficiency is more common than calcium deficiency. Yet, it is just as important, if not more so, than calcium, as it is involved in over 300 metabolic reactions in the body. Part of its most fundamental role lies in the proper metabolism of cholesterol, triglycerides, and carbohydrates. Foods richest in magnesium include green leafy vegetables, seeds (pumpkin, sunflower, and sesame), as well as legumes and fish. A typical Western diet lacks adequate levels of magnesium. Our modern Western lifestyle and poor diet (high in refined carbohydrates) increase our magnesium needs.<\/p>\n<p>&nbsp;<\/p>\n<p><strong>Often, symptoms of magnesium deficiency can be resolved by consuming enough magnesium, but several factors limit magnesium absorption, and therefore recovery:<\/strong><\/p>\n<ol>\n<li>Magnesium found in food or supplements is usually bound to another atom or molecule. Once ingested, the body must release it (make it an ion) to absorb it. The release (also called ionization) of magnesium is very limited and is further restricted when a person&#039;s digestive health is poor. Ionization is important because magnesium can only be used when it is in its free (ionic) form, not when it is attached to other molecules (such as magnesium citrate, magnesium oxide, etc.).<\/li>\n<li>Mineral and vitamin molecules clump together into relatively large clusters. The body must dissolve these clusters for optimal ionization and absorption of magnesium.<\/li>\n<li>Vitamin D Deficiency \u2013 The ideal transport of magnesium and other minerals into cells occurs through ion channels. However, for this to happen, there must be a sufficient supply of ions at the edge of the ion channel. With poor ionization (described above), this type of absorption is not possible, and the body must resort to another type of absorption called active transport. Active transport requires an adequate amount of vitamin D. Most of us do not get enough of it, especially in the fall and winter. These obstacles also apply to optimal calcium absorption. One type of magnesium product that overcomes all of these obstacles is nano-sized liquid ionic magnesium. It allows for rapid absorption at almost 100 % and, therefore, also results in fairly rapid improvement and resolution of the types of symptoms described above.<\/li>\n<\/ol>","protected":false},"excerpt":{"rendered":"<p>Les sympt\u00f4mes d\u2019une carence en magn\u00e9sium sont faciles \u00e0 reconna\u00eetre. Ceux-ci incluent des maux de t\u00eate, un mauvais sommeil, de la nervosit\u00e9 et des difficult\u00e9s \u00e0 se d\u00e9tendre, des articulations raides et une pression art\u00e9rielle \u00e9lev\u00e9e. La carence en magn\u00e9sium est plus fr\u00e9quente que la carence en calcium. Pourtant, il est tout aussi important, sinon [&hellip;]<\/p>","protected":false},"featured_media":1268,"template":"","meta":[],"product_brand":[],"product_cat":[22],"product_tag":[],"class_list":{"0":"post-489","1":"product","2":"type-product","3":"status-publish","4":"has-post-thumbnail","6":"product_cat-products","8":"first","9":"instock","10":"taxable","11":"shipping-taxable","12":"purchasable","13":"product-type-simple"},"yoast_head":"<!-- This site is optimized with the Yoast SEO Premium plugin v26.0 (Yoast SEO v26.0) - https:\/\/yoast.com\/wordpress\/plugins\/seo\/ -->\n<title>Ionic Magnesium - Therapie Laser<\/title>\n<meta name=\"robots\" content=\"index, follow, max-snippet:-1, max-image-preview:large, max-video-preview:-1\" \/>\n<link rel=\"canonical\" href=\"https:\/\/oldtherapielaser.ca.musi-ka.info\/en\/products\/magnesium\/\" \/>\n<meta property=\"og:locale\" content=\"en_US\" \/>\n<meta property=\"og:type\" content=\"article\" \/>\n<meta property=\"og:title\" content=\"Ionic Magnesium\" \/>\n<meta property=\"og:description\" content=\"Les sympt\u00f4mes d\u2019une carence en magn\u00e9sium sont faciles \u00e0 reconna\u00eetre. Ceux-ci incluent des maux de t\u00eate, un mauvais sommeil, de la nervosit\u00e9 et des difficult\u00e9s \u00e0 se d\u00e9tendre, des articulations raides et une pression art\u00e9rielle \u00e9lev\u00e9e. La carence en magn\u00e9sium est plus fr\u00e9quente que la carence en calcium. Pourtant, il est tout aussi important, sinon [&hellip;]\" \/>\n<meta property=\"og:url\" content=\"https:\/\/oldtherapielaser.ca.musi-ka.info\/en\/products\/magnesium\/\" \/>\n<meta property=\"og:site_name\" content=\"Therapie Laser\" \/>\n<meta property=\"article:publisher\" content=\"https:\/\/www.facebook.com\/sensation.therapy\/\" \/>\n<meta property=\"article:modified_time\" content=\"2025-04-25T22:30:30+00:00\" \/>\n<meta property=\"og:image\" content=\"https:\/\/oldtherapielaser.ca.musi-ka.info\/wp-content\/uploads\/2023\/12\/Photoroom_20240219_193101.jpg\" \/>\n\t<meta property=\"og:image:width\" content=\"1800\" \/>\n\t<meta property=\"og:image:height\" content=\"2400\" \/>\n\t<meta property=\"og:image:type\" content=\"image\/jpeg\" \/>\n<meta name=\"twitter:card\" content=\"summary_large_image\" \/>\n<meta name=\"twitter:label1\" content=\"Est. reading time\" \/>\n\t<meta name=\"twitter:data1\" content=\"3 minutes\" \/>\n<script type=\"application\/ld+json\" class=\"yoast-schema-graph\">{\"@context\":\"https:\/\/schema.org\",\"@graph\":[{\"@type\":\"WebPage\",\"@id\":\"https:\/\/oldtherapielaser.ca.musi-ka.info\/products\/magnesium\/\",\"url\":\"https:\/\/oldtherapielaser.ca.musi-ka.info\/products\/magnesium\/\",\"name\":\"Ionic Magnesium - Therapie Laser\",\"isPartOf\":{\"@id\":\"https:\/\/oldtherapielaser.ca.musi-ka.info\/en\/#website\"},\"primaryImageOfPage\":{\"@id\":\"https:\/\/oldtherapielaser.ca.musi-ka.info\/products\/magnesium\/#primaryimage\"},\"image\":{\"@id\":\"https:\/\/oldtherapielaser.ca.musi-ka.info\/products\/magnesium\/#primaryimage\"},\"thumbnailUrl\":\"https:\/\/oldtherapielaser.ca.musi-ka.info\/wp-content\/uploads\/2023\/12\/Photoroom_20240219_193101.jpg\",\"datePublished\":\"2023-12-09T17:43:53+00:00\",\"dateModified\":\"2025-04-25T22:30:30+00:00\",\"breadcrumb\":{\"@id\":\"https:\/\/oldtherapielaser.ca.musi-ka.info\/products\/magnesium\/#breadcrumb\"},\"inLanguage\":\"en-US\",\"potentialAction\":[{\"@type\":\"ReadAction\",\"target\":[\"https:\/\/oldtherapielaser.ca.musi-ka.info\/products\/magnesium\/\"]}]},{\"@type\":\"ImageObject\",\"inLanguage\":\"en-US\",\"@id\":\"https:\/\/oldtherapielaser.ca.musi-ka.info\/products\/magnesium\/#primaryimage\",\"url\":\"https:\/\/oldtherapielaser.ca.musi-ka.info\/wp-content\/uploads\/2023\/12\/Photoroom_20240219_193101.jpg\",\"contentUrl\":\"https:\/\/oldtherapielaser.ca.musi-ka.info\/wp-content\/uploads\/2023\/12\/Photoroom_20240219_193101.jpg\",\"width\":1800,\"height\":2400},{\"@type\":\"BreadcrumbList\",\"@id\":\"https:\/\/oldtherapielaser.ca.musi-ka.info\/products\/magnesium\/#breadcrumb\",\"itemListElement\":[{\"@type\":\"ListItem\",\"position\":1,\"name\":\"Home\",\"item\":\"https:\/\/oldtherapielaser.ca.musi-ka.info\/en\/\"},{\"@type\":\"ListItem\",\"position\":2,\"name\":\"Shop\",\"item\":\"https:\/\/oldtherapielaser.ca.musi-ka.info\/shop\/\"},{\"@type\":\"ListItem\",\"position\":3,\"name\":\"Ionic Magnesium\"}]},{\"@type\":\"WebSite\",\"@id\":\"https:\/\/oldtherapielaser.ca.musi-ka.info\/en\/#website\",\"url\":\"https:\/\/oldtherapielaser.ca.musi-ka.info\/en\/\",\"name\":\"Sensation Therapie\",\"description\":\"M\u00e9decine Alternative\",\"publisher\":{\"@id\":\"https:\/\/oldtherapielaser.ca.musi-ka.info\/en\/#organization\"},\"alternateName\":\"Clinique Therapie Laser\",\"potentialAction\":[{\"@type\":\"SearchAction\",\"target\":{\"@type\":\"EntryPoint\",\"urlTemplate\":\"https:\/\/oldtherapielaser.ca.musi-ka.info\/en\/?s={search_term_string}\"},\"query-input\":{\"@type\":\"PropertyValueSpecification\",\"valueRequired\":true,\"valueName\":\"search_term_string\"}}],\"inLanguage\":\"en-US\"},{\"@type\":\"Organization\",\"@id\":\"https:\/\/oldtherapielaser.ca.musi-ka.info\/en\/#organization\",\"name\":\"Sensation Therapie\",\"alternateName\":\"Clinique Therapie Laser\",\"url\":\"https:\/\/oldtherapielaser.ca.musi-ka.info\/en\/\",\"logo\":{\"@type\":\"ImageObject\",\"inLanguage\":\"en-US\",\"@id\":\"https:\/\/oldtherapielaser.ca.musi-ka.info\/en\/#\/schema\/logo\/image\/\",\"url\":\"https:\/\/therapielaser.ca\/wp-content\/uploads\/2025\/07\/Logo-Small.jpg\",\"contentUrl\":\"https:\/\/therapielaser.ca\/wp-content\/uploads\/2025\/07\/Logo-Small.jpg\",\"width\":261,\"height\":258,\"caption\":\"Sensation Therapie\"},\"image\":{\"@id\":\"https:\/\/oldtherapielaser.ca.musi-ka.info\/en\/#\/schema\/logo\/image\/\"},\"sameAs\":[\"https:\/\/www.facebook.com\/sensation.therapy\/\"],\"description\":\"Sensation Therapie est une clinique multidisciplinaire sp\u00e9cialis\u00e9e dans les th\u00e9rapies naturelles pour le r\u00e9tablissement des d\u00e9pendances, la r\u00e9duction du stress et le bien-\u00eatre. Forte de plus de 20 ans d\u2019exp\u00e9rience, elle propose des traitements au laser avanc\u00e9s \u00e0 Montr\u00e9al, Laval et Brossard. Sa mission est d\u2019aider les gens \u00e0 am\u00e9liorer leur sant\u00e9 et \u00e0 reprendre le contr\u00f4le de leur vie sans m\u00e9dicaments ni traitements agressifs. Elle combine une th\u00e9rapie au laser douce, un coaching personnalis\u00e9 et des produits naturels pour des r\u00e9sultats optimaux.\",\"email\":\"info@therapielaser.ca\",\"telephone\":\"4504430300\",\"legalName\":\"Therapie Laser\",\"foundingDate\":\"2011-02-09\",\"numberOfEmployees\":{\"@type\":\"QuantitativeValue\",\"minValue\":\"1\",\"maxValue\":\"10\"},\"publishingPrinciples\":\"https:\/\/oldtherapielaser.ca.musi-ka.info\/en\/politique-retours-remboursements\/\",\"actionableFeedbackPolicy\":\"https:\/\/oldtherapielaser.ca.musi-ka.info\/en\/politique-retours-remboursements\/\"}]}<\/script>\n<!-- \/ Yoast SEO Premium plugin. -->","yoast_head_json":{"title":"Ionic Magnesium - Therapie Laser","robots":{"index":"index","follow":"follow","max-snippet":"max-snippet:-1","max-image-preview":"max-image-preview:large","max-video-preview":"max-video-preview:-1"},"canonical":"https:\/\/oldtherapielaser.ca.musi-ka.info\/en\/products\/magnesium\/","og_locale":"en_US","og_type":"article","og_title":"Ionic Magnesium","og_description":"Les sympt\u00f4mes d\u2019une carence en magn\u00e9sium sont faciles \u00e0 reconna\u00eetre. Ceux-ci incluent des maux de t\u00eate, un mauvais sommeil, de la nervosit\u00e9 et des difficult\u00e9s \u00e0 se d\u00e9tendre, des articulations raides et une pression art\u00e9rielle \u00e9lev\u00e9e. La carence en magn\u00e9sium est plus fr\u00e9quente que la carence en calcium. Pourtant, il est tout aussi important, sinon [&hellip;]","og_url":"https:\/\/oldtherapielaser.ca.musi-ka.info\/en\/products\/magnesium\/","og_site_name":"Therapie Laser","article_publisher":"https:\/\/www.facebook.com\/sensation.therapy\/","article_modified_time":"2025-04-25T22:30:30+00:00","og_image":[{"width":1800,"height":2400,"url":"https:\/\/oldtherapielaser.ca.musi-ka.info\/wp-content\/uploads\/2023\/12\/Photoroom_20240219_193101.jpg","type":"image\/jpeg"}],"twitter_card":"summary_large_image","twitter_misc":{"Est. reading time":"3 minutes"},"schema":{"@context":"https:\/\/schema.org","@graph":[{"@type":"WebPage","@id":"https:\/\/oldtherapielaser.ca.musi-ka.info\/products\/magnesium\/","url":"https:\/\/oldtherapielaser.ca.musi-ka.info\/products\/magnesium\/","name":"Ionic Magnesium - Therapie Laser","isPartOf":{"@id":"https:\/\/oldtherapielaser.ca.musi-ka.info\/en\/#website"},"primaryImageOfPage":{"@id":"https:\/\/oldtherapielaser.ca.musi-ka.info\/products\/magnesium\/#primaryimage"},"image":{"@id":"https:\/\/oldtherapielaser.ca.musi-ka.info\/products\/magnesium\/#primaryimage"},"thumbnailUrl":"https:\/\/oldtherapielaser.ca.musi-ka.info\/wp-content\/uploads\/2023\/12\/Photoroom_20240219_193101.jpg","datePublished":"2023-12-09T17:43:53+00:00","dateModified":"2025-04-25T22:30:30+00:00","breadcrumb":{"@id":"https:\/\/oldtherapielaser.ca.musi-ka.info\/products\/magnesium\/#breadcrumb"},"inLanguage":"en-US","potentialAction":[{"@type":"ReadAction","target":["https:\/\/oldtherapielaser.ca.musi-ka.info\/products\/magnesium\/"]}]},{"@type":"ImageObject","inLanguage":"en-US","@id":"https:\/\/oldtherapielaser.ca.musi-ka.info\/products\/magnesium\/#primaryimage","url":"https:\/\/oldtherapielaser.ca.musi-ka.info\/wp-content\/uploads\/2023\/12\/Photoroom_20240219_193101.jpg","contentUrl":"https:\/\/oldtherapielaser.ca.musi-ka.info\/wp-content\/uploads\/2023\/12\/Photoroom_20240219_193101.jpg","width":1800,"height":2400},{"@type":"BreadcrumbList","@id":"https:\/\/oldtherapielaser.ca.musi-ka.info\/products\/magnesium\/#breadcrumb","itemListElement":[{"@type":"ListItem","position":1,"name":"Home","item":"https:\/\/oldtherapielaser.ca.musi-ka.info\/en\/"},{"@type":"ListItem","position":2,"name":"Shop","item":"https:\/\/oldtherapielaser.ca.musi-ka.info\/shop\/"},{"@type":"ListItem","position":3,"name":"Ionic Magnesium"}]},{"@type":"WebSite","@id":"https:\/\/oldtherapielaser.ca.musi-ka.info\/en\/#website","url":"https:\/\/oldtherapielaser.ca.musi-ka.info\/en\/","name":"Sensation Therapy","description":"Alternative Medicine","publisher":{"@id":"https:\/\/oldtherapielaser.ca.musi-ka.info\/en\/#organization"},"alternateName":"Clinique Therapie Laser","potentialAction":[{"@type":"SearchAction","target":{"@type":"EntryPoint","urlTemplate":"https:\/\/oldtherapielaser.ca.musi-ka.info\/en\/?s={search_term_string}"},"query-input":{"@type":"PropertyValueSpecification","valueRequired":true,"valueName":"search_term_string"}}],"inLanguage":"en-US"},{"@type":"Organization","@id":"https:\/\/oldtherapielaser.ca.musi-ka.info\/en\/#organization","name":"Sensation Therapy","alternateName":"Clinique Therapie Laser","url":"https:\/\/oldtherapielaser.ca.musi-ka.info\/en\/","logo":{"@type":"ImageObject","inLanguage":"en-US","@id":"https:\/\/oldtherapielaser.ca.musi-ka.info\/en\/#\/schema\/logo\/image\/","url":"https:\/\/therapielaser.ca\/wp-content\/uploads\/2025\/07\/Logo-Small.jpg","contentUrl":"https:\/\/therapielaser.ca\/wp-content\/uploads\/2025\/07\/Logo-Small.jpg","width":261,"height":258,"caption":"Sensation Therapie"},"image":{"@id":"https:\/\/oldtherapielaser.ca.musi-ka.info\/en\/#\/schema\/logo\/image\/"},"sameAs":["https:\/\/www.facebook.com\/sensation.therapy\/"],"description":"Sensation Therapy is a multidisciplinary clinic specializing in natural therapies for addiction recovery, stress reduction, and wellness. With over 20 years of experience, it offers advanced laser treatments in Montreal, Laval, and Brossard. Its mission is to help people improve their health and regain control of their lives without medication or harsh treatments. It combines gentle laser therapy, personalized coaching, and natural products for optimal results.","email":"info@therapielaser.ca","telephone":"4504430300","legalName":"Therapie Laser","foundingDate":"2011-02-09","numberOfEmployees":{"@type":"QuantitativeValue","minValue":"1","maxValue":"10"},"publishingPrinciples":"https:\/\/oldtherapielaser.ca.musi-ka.info\/en\/politique-retours-remboursements\/","actionableFeedbackPolicy":"https:\/\/oldtherapielaser.ca.musi-ka.info\/en\/politique-retours-remboursements\/"}]}},"_links":{"self":[{"href":"https:\/\/oldtherapielaser.ca.musi-ka.info\/en\/wp-json\/wp\/v2\/product\/489","targetHints":{"allow":["GET"]}}],"collection":[{"href":"https:\/\/oldtherapielaser.ca.musi-ka.info\/en\/wp-json\/wp\/v2\/product"}],"about":[{"href":"https:\/\/oldtherapielaser.ca.musi-ka.info\/en\/wp-json\/wp\/v2\/types\/product"}],"wp:featuredmedia":[{"embeddable":true,"href":"https:\/\/oldtherapielaser.ca.musi-ka.info\/en\/wp-json\/wp\/v2\/media\/1268"}],"wp:attachment":[{"href":"https:\/\/oldtherapielaser.ca.musi-ka.info\/en\/wp-json\/wp\/v2\/media?parent=489"}],"wp:term":[{"taxonomy":"product_brand","embeddable":true,"href":"https:\/\/oldtherapielaser.ca.musi-ka.info\/en\/wp-json\/wp\/v2\/product_brand?post=489"},{"taxonomy":"product_cat","embeddable":true,"href":"https:\/\/oldtherapielaser.ca.musi-ka.info\/en\/wp-json\/wp\/v2\/product_cat?post=489"},{"taxonomy":"product_tag","embeddable":true,"href":"https:\/\/oldtherapielaser.ca.musi-ka.info\/en\/wp-json\/wp\/v2\/product_tag?post=489"}],"curies":[{"name":"wp","href":"https:\/\/api.w.org\/{rel}","templated":true}]}}