{"id":490,"date":"2023-12-09T17:46:06","date_gmt":"2023-12-09T17:46:06","guid":{"rendered":"https:\/\/therapielaser.ca\/?post_type=product&#038;p=490"},"modified":"2025-04-25T23:09:21","modified_gmt":"2025-04-25T23:09:21","slug":"liberax","status":"publish","type":"product","link":"https:\/\/oldtherapielaser.ca.musi-ka.info\/en\/products\/liberax\/","title":{"rendered":"Liberax"},"content":{"rendered":"<p><strong>French name\u00a0<\/strong>\u00a0: Liberax<br \/>\n<strong>Kind<\/strong>\u00a0\u00a0: Dye<br \/>\n<strong>Known properties<\/strong>\u00a0: This formula is traditionally used as a calming and soothing agent. Helps relieve nervousness.<\/p>\n<p><strong>Contains<\/strong>\u00a0: Medicinal Ingredients: (1:5 Tincture) Each teaspoon contains 435 mg of Chamomile (Matricaria chamomilla) (flower), 435 mg of Catnip (Nepeta cataria)(root), 130 mg of Lobelia (Lobelia inflata)(leaf). Non-medicinal Ingredients: Purified Water, 33 % Natural Grain Alcohol.<\/p>\n<p><strong>Description<\/strong>\u00a0\u00a0: This formula is a supportive treatment for people suffering from addiction or stress and anxiety.<\/p>\n<p>It reduces tension, anxiety and inhibits aggression and depression associated with withdrawal without impairing motor skills.<\/p>\n<p>Although all the elements of this formula, taken separately, help relieve withdrawal symptoms, the combination creates a synergy that increases the benefits.<\/p>\n<p><strong>Recommended dosage<\/strong>\u00a0\u00a0: 1 teaspoon 3 times daily or as directed by your healthcare professional.<\/p>\n<p><strong>Precautions and warnings<\/strong>\u00a0: Consult a health professional if symptoms persist, if you are taking medication or are allergic to Asteraceae\/Daisy, if you have heart problems, respiratory problems, high blood pressure problems, and digestive problems. Do not use if you are pregnant, breastfeeding, or have infectious or inflammatory gastrointestinal diseases. Stop use if diarrhea, vomiting, rash, dizziness, tremors, sweating, or excessive coughing occurs. Do not use if the safety seal is broken. May contain natural sediment. Shake well.<\/p>","protected":false},"excerpt":{"rendered":"<p>English: French Name: Lib\u00e9rax Type: Tincture Known Properties: This formula is traditionally used as a calming and soothing agent. Helps relieve nervousness. Contains: Medicinal Ingredients: (1:5 Tincture) Each teaspoon contains 435 mg of Chamomile (Matricaria chamomilla) (flower), 435 mg of Catnip (Nepeta cataria)(root), 130 mg of Lobelia (Lobelia inflata)(leaf). Non-medicinal Ingredients: Purified water, [\u2026]<\/p>","protected":false},"featured_media":3923,"template":"","meta":[],"product_brand":[],"product_cat":[22],"product_tag":[],"class_list":{"0":"post-490","1":"product","2":"type-product","3":"status-publish","4":"has-post-thumbnail","6":"product_cat-products","8":"first","9":"instock","10":"taxable","11":"shipping-taxable","12":"purchasable","13":"product-type-simple"},"yoast_head":"<!-- This site is optimized with the Yoast SEO Premium plugin v26.0 (Yoast SEO v26.0) - https:\/\/yoast.com\/wordpress\/plugins\/seo\/ -->\n<title>Liberax - Therapie Laser<\/title>\n<meta name=\"robots\" content=\"index, follow, max-snippet:-1, max-image-preview:large, max-video-preview:-1\" \/>\n<link rel=\"canonical\" href=\"https:\/\/oldtherapielaser.ca.musi-ka.info\/en\/products\/liberax\/\" \/>\n<meta property=\"og:locale\" content=\"en_US\" \/>\n<meta property=\"og:type\" content=\"article\" \/>\n<meta property=\"og:title\" content=\"Liberax\" \/>\n<meta property=\"og:description\" content=\"Nom fran\u00e7ais\u00a0\u00a0: Lib\u00e9rax Type\u00a0\u00a0: Teinture Propri\u00e9t\u00e9s connues\u00a0: Cette formule est traditionnellement utilis\u00e9e comme calmant et apaisant. aide \u00e0 soulager la nervosit\u00e9. Contient\u00a0: Ingr\u00e9dients m\u00e9dicinaux\u00a0: (teinture 1:5) Chaque cuill\u00e8re \u00e0 caf\u00e9 contient 435\u00a0mg de camomille (matricaria chamomilla) (fleur), 435\u00a0mg d&rsquo;herbe \u00e0 chat (nepeta cataria)(racine), 130\u00a0mg de Lobelia (lob\u00e9lia inflata)(feuille) . Ingr\u00e9dients non m\u00e9dicinaux : eau purifi\u00e9e, [&hellip;]\" \/>\n<meta property=\"og:url\" content=\"https:\/\/oldtherapielaser.ca.musi-ka.info\/en\/products\/liberax\/\" \/>\n<meta property=\"og:site_name\" content=\"Therapie Laser\" \/>\n<meta property=\"article:publisher\" content=\"https:\/\/www.facebook.com\/sensation.therapy\/\" \/>\n<meta property=\"article:modified_time\" content=\"2025-04-25T23:09:21+00:00\" \/>\n<meta property=\"og:image\" content=\"https:\/\/oldtherapielaser.ca.musi-ka.info\/wp-content\/uploads\/2025\/04\/Liberax.webp\" \/>\n\t<meta property=\"og:image:width\" content=\"1440\" \/>\n\t<meta property=\"og:image:height\" content=\"1920\" \/>\n\t<meta property=\"og:image:type\" content=\"image\/webp\" \/>\n<meta name=\"twitter:card\" content=\"summary_large_image\" \/>\n<meta name=\"twitter:label1\" content=\"Est. reading time\" \/>\n\t<meta name=\"twitter:data1\" content=\"1 minute\" \/>\n<script type=\"application\/ld+json\" class=\"yoast-schema-graph\">{\"@context\":\"https:\/\/schema.org\",\"@graph\":[{\"@type\":\"WebPage\",\"@id\":\"https:\/\/oldtherapielaser.ca.musi-ka.info\/products\/liberax\/\",\"url\":\"https:\/\/oldtherapielaser.ca.musi-ka.info\/products\/liberax\/\",\"name\":\"Liberax - Therapie Laser\",\"isPartOf\":{\"@id\":\"https:\/\/oldtherapielaser.ca.musi-ka.info\/en\/#website\"},\"primaryImageOfPage\":{\"@id\":\"https:\/\/oldtherapielaser.ca.musi-ka.info\/products\/liberax\/#primaryimage\"},\"image\":{\"@id\":\"https:\/\/oldtherapielaser.ca.musi-ka.info\/products\/liberax\/#primaryimage\"},\"thumbnailUrl\":\"https:\/\/oldtherapielaser.ca.musi-ka.info\/wp-content\/uploads\/2025\/04\/Liberax.webp\",\"datePublished\":\"2023-12-09T17:46:06+00:00\",\"dateModified\":\"2025-04-25T23:09:21+00:00\",\"breadcrumb\":{\"@id\":\"https:\/\/oldtherapielaser.ca.musi-ka.info\/products\/liberax\/#breadcrumb\"},\"inLanguage\":\"en-US\",\"potentialAction\":[{\"@type\":\"ReadAction\",\"target\":[\"https:\/\/oldtherapielaser.ca.musi-ka.info\/products\/liberax\/\"]}]},{\"@type\":\"ImageObject\",\"inLanguage\":\"en-US\",\"@id\":\"https:\/\/oldtherapielaser.ca.musi-ka.info\/products\/liberax\/#primaryimage\",\"url\":\"https:\/\/oldtherapielaser.ca.musi-ka.info\/wp-content\/uploads\/2025\/04\/Liberax.webp\",\"contentUrl\":\"https:\/\/oldtherapielaser.ca.musi-ka.info\/wp-content\/uploads\/2025\/04\/Liberax.webp\",\"width\":1440,\"height\":1920},{\"@type\":\"BreadcrumbList\",\"@id\":\"https:\/\/oldtherapielaser.ca.musi-ka.info\/products\/liberax\/#breadcrumb\",\"itemListElement\":[{\"@type\":\"ListItem\",\"position\":1,\"name\":\"Home\",\"item\":\"https:\/\/oldtherapielaser.ca.musi-ka.info\/en\/\"},{\"@type\":\"ListItem\",\"position\":2,\"name\":\"Shop\",\"item\":\"https:\/\/oldtherapielaser.ca.musi-ka.info\/shop\/\"},{\"@type\":\"ListItem\",\"position\":3,\"name\":\"Liberax\"}]},{\"@type\":\"WebSite\",\"@id\":\"https:\/\/oldtherapielaser.ca.musi-ka.info\/en\/#website\",\"url\":\"https:\/\/oldtherapielaser.ca.musi-ka.info\/en\/\",\"name\":\"Sensation Therapie\",\"description\":\"M\u00e9decine Alternative\",\"publisher\":{\"@id\":\"https:\/\/oldtherapielaser.ca.musi-ka.info\/en\/#organization\"},\"alternateName\":\"Clinique Therapie Laser\",\"potentialAction\":[{\"@type\":\"SearchAction\",\"target\":{\"@type\":\"EntryPoint\",\"urlTemplate\":\"https:\/\/oldtherapielaser.ca.musi-ka.info\/en\/?s={search_term_string}\"},\"query-input\":{\"@type\":\"PropertyValueSpecification\",\"valueRequired\":true,\"valueName\":\"search_term_string\"}}],\"inLanguage\":\"en-US\"},{\"@type\":\"Organization\",\"@id\":\"https:\/\/oldtherapielaser.ca.musi-ka.info\/en\/#organization\",\"name\":\"Sensation Therapie\",\"alternateName\":\"Clinique Therapie Laser\",\"url\":\"https:\/\/oldtherapielaser.ca.musi-ka.info\/en\/\",\"logo\":{\"@type\":\"ImageObject\",\"inLanguage\":\"en-US\",\"@id\":\"https:\/\/oldtherapielaser.ca.musi-ka.info\/en\/#\/schema\/logo\/image\/\",\"url\":\"https:\/\/therapielaser.ca\/wp-content\/uploads\/2025\/07\/Logo-Small.jpg\",\"contentUrl\":\"https:\/\/therapielaser.ca\/wp-content\/uploads\/2025\/07\/Logo-Small.jpg\",\"width\":261,\"height\":258,\"caption\":\"Sensation Therapie\"},\"image\":{\"@id\":\"https:\/\/oldtherapielaser.ca.musi-ka.info\/en\/#\/schema\/logo\/image\/\"},\"sameAs\":[\"https:\/\/www.facebook.com\/sensation.therapy\/\"],\"description\":\"Sensation Therapie est une clinique multidisciplinaire sp\u00e9cialis\u00e9e dans les th\u00e9rapies naturelles pour le r\u00e9tablissement des d\u00e9pendances, la r\u00e9duction du stress et le bien-\u00eatre. Forte de plus de 20 ans d\u2019exp\u00e9rience, elle propose des traitements au laser avanc\u00e9s \u00e0 Montr\u00e9al, Laval et Brossard. Sa mission est d\u2019aider les gens \u00e0 am\u00e9liorer leur sant\u00e9 et \u00e0 reprendre le contr\u00f4le de leur vie sans m\u00e9dicaments ni traitements agressifs. Elle combine une th\u00e9rapie au laser douce, un coaching personnalis\u00e9 et des produits naturels pour des r\u00e9sultats optimaux.\",\"email\":\"info@therapielaser.ca\",\"telephone\":\"4504430300\",\"legalName\":\"Therapie Laser\",\"foundingDate\":\"2011-02-09\",\"numberOfEmployees\":{\"@type\":\"QuantitativeValue\",\"minValue\":\"1\",\"maxValue\":\"10\"},\"publishingPrinciples\":\"https:\/\/oldtherapielaser.ca.musi-ka.info\/en\/politique-retours-remboursements\/\",\"actionableFeedbackPolicy\":\"https:\/\/oldtherapielaser.ca.musi-ka.info\/en\/politique-retours-remboursements\/\"}]}<\/script>\n<!-- \/ Yoast SEO Premium plugin. -->","yoast_head_json":{"title":"Liberax - Therapie Laser","robots":{"index":"index","follow":"follow","max-snippet":"max-snippet:-1","max-image-preview":"max-image-preview:large","max-video-preview":"max-video-preview:-1"},"canonical":"https:\/\/oldtherapielaser.ca.musi-ka.info\/en\/products\/liberax\/","og_locale":"en_US","og_type":"article","og_title":"Liberax","og_description":"Nom fran\u00e7ais\u00a0\u00a0: Lib\u00e9rax Type\u00a0\u00a0: Teinture Propri\u00e9t\u00e9s connues\u00a0: Cette formule est traditionnellement utilis\u00e9e comme calmant et apaisant. aide \u00e0 soulager la nervosit\u00e9. Contient\u00a0: Ingr\u00e9dients m\u00e9dicinaux\u00a0: (teinture 1:5) Chaque cuill\u00e8re \u00e0 caf\u00e9 contient 435\u00a0mg de camomille (matricaria chamomilla) (fleur), 435\u00a0mg d&rsquo;herbe \u00e0 chat (nepeta cataria)(racine), 130\u00a0mg de Lobelia (lob\u00e9lia inflata)(feuille) . Ingr\u00e9dients non m\u00e9dicinaux : eau purifi\u00e9e, [&hellip;]","og_url":"https:\/\/oldtherapielaser.ca.musi-ka.info\/en\/products\/liberax\/","og_site_name":"Therapie Laser","article_publisher":"https:\/\/www.facebook.com\/sensation.therapy\/","article_modified_time":"2025-04-25T23:09:21+00:00","og_image":[{"width":1440,"height":1920,"url":"https:\/\/oldtherapielaser.ca.musi-ka.info\/wp-content\/uploads\/2025\/04\/Liberax.webp","type":"image\/webp"}],"twitter_card":"summary_large_image","twitter_misc":{"Est. reading time":"1 minute"},"schema":{"@context":"https:\/\/schema.org","@graph":[{"@type":"WebPage","@id":"https:\/\/oldtherapielaser.ca.musi-ka.info\/products\/liberax\/","url":"https:\/\/oldtherapielaser.ca.musi-ka.info\/products\/liberax\/","name":"Liberax - Therapie Laser","isPartOf":{"@id":"https:\/\/oldtherapielaser.ca.musi-ka.info\/en\/#website"},"primaryImageOfPage":{"@id":"https:\/\/oldtherapielaser.ca.musi-ka.info\/products\/liberax\/#primaryimage"},"image":{"@id":"https:\/\/oldtherapielaser.ca.musi-ka.info\/products\/liberax\/#primaryimage"},"thumbnailUrl":"https:\/\/oldtherapielaser.ca.musi-ka.info\/wp-content\/uploads\/2025\/04\/Liberax.webp","datePublished":"2023-12-09T17:46:06+00:00","dateModified":"2025-04-25T23:09:21+00:00","breadcrumb":{"@id":"https:\/\/oldtherapielaser.ca.musi-ka.info\/products\/liberax\/#breadcrumb"},"inLanguage":"en-US","potentialAction":[{"@type":"ReadAction","target":["https:\/\/oldtherapielaser.ca.musi-ka.info\/products\/liberax\/"]}]},{"@type":"ImageObject","inLanguage":"en-US","@id":"https:\/\/oldtherapielaser.ca.musi-ka.info\/products\/liberax\/#primaryimage","url":"https:\/\/oldtherapielaser.ca.musi-ka.info\/wp-content\/uploads\/2025\/04\/Liberax.webp","contentUrl":"https:\/\/oldtherapielaser.ca.musi-ka.info\/wp-content\/uploads\/2025\/04\/Liberax.webp","width":1440,"height":1920},{"@type":"BreadcrumbList","@id":"https:\/\/oldtherapielaser.ca.musi-ka.info\/products\/liberax\/#breadcrumb","itemListElement":[{"@type":"ListItem","position":1,"name":"Home","item":"https:\/\/oldtherapielaser.ca.musi-ka.info\/en\/"},{"@type":"ListItem","position":2,"name":"Shop","item":"https:\/\/oldtherapielaser.ca.musi-ka.info\/shop\/"},{"@type":"ListItem","position":3,"name":"Liberax"}]},{"@type":"WebSite","@id":"https:\/\/oldtherapielaser.ca.musi-ka.info\/en\/#website","url":"https:\/\/oldtherapielaser.ca.musi-ka.info\/en\/","name":"Sensation Therapy","description":"Alternative Medicine","publisher":{"@id":"https:\/\/oldtherapielaser.ca.musi-ka.info\/en\/#organization"},"alternateName":"Clinique Therapie Laser","potentialAction":[{"@type":"SearchAction","target":{"@type":"EntryPoint","urlTemplate":"https:\/\/oldtherapielaser.ca.musi-ka.info\/en\/?s={search_term_string}"},"query-input":{"@type":"PropertyValueSpecification","valueRequired":true,"valueName":"search_term_string"}}],"inLanguage":"en-US"},{"@type":"Organization","@id":"https:\/\/oldtherapielaser.ca.musi-ka.info\/en\/#organization","name":"Sensation Therapy","alternateName":"Clinique Therapie Laser","url":"https:\/\/oldtherapielaser.ca.musi-ka.info\/en\/","logo":{"@type":"ImageObject","inLanguage":"en-US","@id":"https:\/\/oldtherapielaser.ca.musi-ka.info\/en\/#\/schema\/logo\/image\/","url":"https:\/\/therapielaser.ca\/wp-content\/uploads\/2025\/07\/Logo-Small.jpg","contentUrl":"https:\/\/therapielaser.ca\/wp-content\/uploads\/2025\/07\/Logo-Small.jpg","width":261,"height":258,"caption":"Sensation Therapie"},"image":{"@id":"https:\/\/oldtherapielaser.ca.musi-ka.info\/en\/#\/schema\/logo\/image\/"},"sameAs":["https:\/\/www.facebook.com\/sensation.therapy\/"],"description":"Sensation Therapy is a multidisciplinary clinic specializing in natural therapies for addiction recovery, stress reduction, and wellness. With over 20 years of experience, it offers advanced laser treatments in Montreal, Laval, and Brossard. Its mission is to help people improve their health and regain control of their lives without medication or harsh treatments. It combines gentle laser therapy, personalized coaching, and natural products for optimal results.","email":"info@therapielaser.ca","telephone":"4504430300","legalName":"Therapie Laser","foundingDate":"2011-02-09","numberOfEmployees":{"@type":"QuantitativeValue","minValue":"1","maxValue":"10"},"publishingPrinciples":"https:\/\/oldtherapielaser.ca.musi-ka.info\/en\/politique-retours-remboursements\/","actionableFeedbackPolicy":"https:\/\/oldtherapielaser.ca.musi-ka.info\/en\/politique-retours-remboursements\/"}]}},"_links":{"self":[{"href":"https:\/\/oldtherapielaser.ca.musi-ka.info\/en\/wp-json\/wp\/v2\/product\/490","targetHints":{"allow":["GET"]}}],"collection":[{"href":"https:\/\/oldtherapielaser.ca.musi-ka.info\/en\/wp-json\/wp\/v2\/product"}],"about":[{"href":"https:\/\/oldtherapielaser.ca.musi-ka.info\/en\/wp-json\/wp\/v2\/types\/product"}],"wp:featuredmedia":[{"embeddable":true,"href":"https:\/\/oldtherapielaser.ca.musi-ka.info\/en\/wp-json\/wp\/v2\/media\/3923"}],"wp:attachment":[{"href":"https:\/\/oldtherapielaser.ca.musi-ka.info\/en\/wp-json\/wp\/v2\/media?parent=490"}],"wp:term":[{"taxonomy":"product_brand","embeddable":true,"href":"https:\/\/oldtherapielaser.ca.musi-ka.info\/en\/wp-json\/wp\/v2\/product_brand?post=490"},{"taxonomy":"product_cat","embeddable":true,"href":"https:\/\/oldtherapielaser.ca.musi-ka.info\/en\/wp-json\/wp\/v2\/product_cat?post=490"},{"taxonomy":"product_tag","embeddable":true,"href":"https:\/\/oldtherapielaser.ca.musi-ka.info\/en\/wp-json\/wp\/v2\/product_tag?post=490"}],"curies":[{"name":"wp","href":"https:\/\/api.w.org\/{rel}","templated":true}]}}