{"id":491,"date":"2023-12-09T17:47:44","date_gmt":"2023-12-09T17:47:44","guid":{"rendered":"https:\/\/therapielaser.ca\/?post_type=product&#038;p=491"},"modified":"2025-04-25T22:43:08","modified_gmt":"2025-04-25T22:43:08","slug":"resveragranate-anti-aging","status":"publish","type":"product","link":"https:\/\/oldtherapielaser.ca.musi-ka.info\/en\/products\/resveragranate-anti-aging\/","title":{"rendered":"ResveraGranate \u2013 Anti Aging"},"content":{"rendered":"<p>A unique antioxidant formula with resveratrol designed to promote healthy aging, longevity, and lung function through the combined benefits of red wine extract, pomegranate, and acai.<\/p>\n<ul>\n<li>Contains 300 mg of resveratrol, the powerful antioxidant that is the active ingredient responsible for the health benefits of red wine. Resveratrol promotes healthy cell growth and a strong immune system.<\/li>\n<li>A blend of special ingredients helps prevent the body from suffering many of the negative side effects commonly associated with quitting smoking.<\/li>\n<li>Contains acai and pomegranate extracts, two of nature&#039;s most powerful sources of concentrated antioxidants, to fight premature aging and promote cardiovascular health.<\/li>\n<li>Includes red wine extract to get more of the health benefits of red wine, without the calories and harmful effects of alcohol<\/li>\n<\/ul>\n<p>&nbsp;<\/p>\n<p>&nbsp;<\/p>\n<p><img fetchpriority=\"high\" decoding=\"async\" class=\"aligncenter wp-image-492 size-full\" src=\"https:\/\/therapielaser.ca\/wp-content\/uploads\/2023\/12\/ResveraGranate_label-768x280-1.png\" alt=\"\" width=\"768\" height=\"280\" srcset=\"https:\/\/oldtherapielaser.ca.musi-ka.info\/wp-content\/uploads\/2023\/12\/ResveraGranate_label-768x280-1.png 768w, https:\/\/oldtherapielaser.ca.musi-ka.info\/wp-content\/uploads\/2023\/12\/ResveraGranate_label-768x280-1-600x219.png 600w, https:\/\/oldtherapielaser.ca.musi-ka.info\/wp-content\/uploads\/2023\/12\/ResveraGranate_label-768x280-1-300x109.png 300w\" sizes=\"(max-width: 768px) 100vw, 768px\" \/><\/p>","protected":false},"excerpt":{"rendered":"<p>A unique antioxidant formula with resveratrol designed to promote healthy aging, longevity, and lung function through the combined benefits of red wine extract, pomegranate, and acai. Contains 300 mg of resveratrol, the powerful antioxidant that is the active ingredient responsible for the skin-protecting benefits of red wine.<\/p>","protected":false},"featured_media":1264,"template":"","meta":[],"product_brand":[],"product_cat":[22],"product_tag":[],"class_list":{"0":"post-491","1":"product","2":"type-product","3":"status-publish","4":"has-post-thumbnail","6":"product_cat-products","8":"first","9":"instock","10":"taxable","11":"shipping-taxable","12":"purchasable","13":"product-type-simple"},"yoast_head":"<!-- This site is optimized with the Yoast SEO Premium plugin v26.0 (Yoast SEO v26.0) - https:\/\/yoast.com\/wordpress\/plugins\/seo\/ -->\n<title>ResveraGranate \u2013 Anti Aging - Therapie Laser<\/title>\n<meta name=\"robots\" content=\"index, follow, max-snippet:-1, max-image-preview:large, max-video-preview:-1\" \/>\n<link rel=\"canonical\" href=\"https:\/\/oldtherapielaser.ca.musi-ka.info\/en\/products\/resveragranate-anti-aging\/\" \/>\n<meta property=\"og:locale\" content=\"en_US\" \/>\n<meta property=\"og:type\" content=\"article\" \/>\n<meta property=\"og:title\" content=\"ResveraGranate \u2013 Anti Aging\" \/>\n<meta property=\"og:description\" content=\"Une formule antioxydante unique \u00e0 base de resv\u00e9ratrol con\u00e7ue pour favoriser un vieillissement sain, la long\u00e9vit\u00e9 et une bonne fonction pulmonaire gr\u00e2ce aux bienfaits combin\u00e9s de l&rsquo;extrait de vin rouge, de la grenade et de l&rsquo;a\u00e7ai. Contient 300\u00a0mg de resv\u00e9ratrol, le puissant antioxydant qui est l&rsquo;ingr\u00e9dient actif responsable des bienfaits du vin rouge pour la [&hellip;]\" \/>\n<meta property=\"og:url\" content=\"https:\/\/oldtherapielaser.ca.musi-ka.info\/en\/products\/resveragranate-anti-aging\/\" \/>\n<meta property=\"og:site_name\" content=\"Therapie Laser\" \/>\n<meta property=\"article:publisher\" content=\"https:\/\/www.facebook.com\/sensation.therapy\/\" \/>\n<meta property=\"article:modified_time\" content=\"2025-04-25T22:43:08+00:00\" \/>\n<meta property=\"og:image\" content=\"https:\/\/oldtherapielaser.ca.musi-ka.info\/wp-content\/uploads\/2023\/12\/Resveratrol-1.jpg\" \/>\n\t<meta property=\"og:image:width\" content=\"1800\" \/>\n\t<meta property=\"og:image:height\" content=\"2400\" \/>\n\t<meta property=\"og:image:type\" content=\"image\/jpeg\" \/>\n<meta name=\"twitter:card\" content=\"summary_large_image\" \/>\n<meta name=\"twitter:label1\" content=\"Est. reading time\" \/>\n\t<meta name=\"twitter:data1\" content=\"1 minute\" \/>\n<script type=\"application\/ld+json\" class=\"yoast-schema-graph\">{\"@context\":\"https:\/\/schema.org\",\"@graph\":[{\"@type\":\"WebPage\",\"@id\":\"https:\/\/oldtherapielaser.ca.musi-ka.info\/products\/resveragranate-anti-aging\/\",\"url\":\"https:\/\/oldtherapielaser.ca.musi-ka.info\/products\/resveragranate-anti-aging\/\",\"name\":\"ResveraGranate \u2013 Anti Aging - Therapie Laser\",\"isPartOf\":{\"@id\":\"https:\/\/oldtherapielaser.ca.musi-ka.info\/en\/#website\"},\"primaryImageOfPage\":{\"@id\":\"https:\/\/oldtherapielaser.ca.musi-ka.info\/products\/resveragranate-anti-aging\/#primaryimage\"},\"image\":{\"@id\":\"https:\/\/oldtherapielaser.ca.musi-ka.info\/products\/resveragranate-anti-aging\/#primaryimage\"},\"thumbnailUrl\":\"https:\/\/oldtherapielaser.ca.musi-ka.info\/wp-content\/uploads\/2023\/12\/Resveratrol-1.jpg\",\"datePublished\":\"2023-12-09T17:47:44+00:00\",\"dateModified\":\"2025-04-25T22:43:08+00:00\",\"breadcrumb\":{\"@id\":\"https:\/\/oldtherapielaser.ca.musi-ka.info\/products\/resveragranate-anti-aging\/#breadcrumb\"},\"inLanguage\":\"en-US\",\"potentialAction\":[{\"@type\":\"ReadAction\",\"target\":[\"https:\/\/oldtherapielaser.ca.musi-ka.info\/products\/resveragranate-anti-aging\/\"]}]},{\"@type\":\"ImageObject\",\"inLanguage\":\"en-US\",\"@id\":\"https:\/\/oldtherapielaser.ca.musi-ka.info\/products\/resveragranate-anti-aging\/#primaryimage\",\"url\":\"https:\/\/oldtherapielaser.ca.musi-ka.info\/wp-content\/uploads\/2023\/12\/Resveratrol-1.jpg\",\"contentUrl\":\"https:\/\/oldtherapielaser.ca.musi-ka.info\/wp-content\/uploads\/2023\/12\/Resveratrol-1.jpg\",\"width\":1800,\"height\":2400},{\"@type\":\"BreadcrumbList\",\"@id\":\"https:\/\/oldtherapielaser.ca.musi-ka.info\/products\/resveragranate-anti-aging\/#breadcrumb\",\"itemListElement\":[{\"@type\":\"ListItem\",\"position\":1,\"name\":\"Home\",\"item\":\"https:\/\/oldtherapielaser.ca.musi-ka.info\/en\/\"},{\"@type\":\"ListItem\",\"position\":2,\"name\":\"Shop\",\"item\":\"https:\/\/oldtherapielaser.ca.musi-ka.info\/shop\/\"},{\"@type\":\"ListItem\",\"position\":3,\"name\":\"ResveraGranate \u2013 Anti Aging\"}]},{\"@type\":\"WebSite\",\"@id\":\"https:\/\/oldtherapielaser.ca.musi-ka.info\/en\/#website\",\"url\":\"https:\/\/oldtherapielaser.ca.musi-ka.info\/en\/\",\"name\":\"Sensation Therapie\",\"description\":\"M\u00e9decine Alternative\",\"publisher\":{\"@id\":\"https:\/\/oldtherapielaser.ca.musi-ka.info\/en\/#organization\"},\"alternateName\":\"Clinique Therapie Laser\",\"potentialAction\":[{\"@type\":\"SearchAction\",\"target\":{\"@type\":\"EntryPoint\",\"urlTemplate\":\"https:\/\/oldtherapielaser.ca.musi-ka.info\/en\/?s={search_term_string}\"},\"query-input\":{\"@type\":\"PropertyValueSpecification\",\"valueRequired\":true,\"valueName\":\"search_term_string\"}}],\"inLanguage\":\"en-US\"},{\"@type\":\"Organization\",\"@id\":\"https:\/\/oldtherapielaser.ca.musi-ka.info\/en\/#organization\",\"name\":\"Sensation Therapie\",\"alternateName\":\"Clinique Therapie Laser\",\"url\":\"https:\/\/oldtherapielaser.ca.musi-ka.info\/en\/\",\"logo\":{\"@type\":\"ImageObject\",\"inLanguage\":\"en-US\",\"@id\":\"https:\/\/oldtherapielaser.ca.musi-ka.info\/en\/#\/schema\/logo\/image\/\",\"url\":\"https:\/\/therapielaser.ca\/wp-content\/uploads\/2025\/07\/Logo-Small.jpg\",\"contentUrl\":\"https:\/\/therapielaser.ca\/wp-content\/uploads\/2025\/07\/Logo-Small.jpg\",\"width\":261,\"height\":258,\"caption\":\"Sensation Therapie\"},\"image\":{\"@id\":\"https:\/\/oldtherapielaser.ca.musi-ka.info\/en\/#\/schema\/logo\/image\/\"},\"sameAs\":[\"https:\/\/www.facebook.com\/sensation.therapy\/\"],\"description\":\"Sensation Therapie est une clinique multidisciplinaire sp\u00e9cialis\u00e9e dans les th\u00e9rapies naturelles pour le r\u00e9tablissement des d\u00e9pendances, la r\u00e9duction du stress et le bien-\u00eatre. Forte de plus de 20 ans d\u2019exp\u00e9rience, elle propose des traitements au laser avanc\u00e9s \u00e0 Montr\u00e9al, Laval et Brossard. Sa mission est d\u2019aider les gens \u00e0 am\u00e9liorer leur sant\u00e9 et \u00e0 reprendre le contr\u00f4le de leur vie sans m\u00e9dicaments ni traitements agressifs. Elle combine une th\u00e9rapie au laser douce, un coaching personnalis\u00e9 et des produits naturels pour des r\u00e9sultats optimaux.\",\"email\":\"info@therapielaser.ca\",\"telephone\":\"4504430300\",\"legalName\":\"Therapie Laser\",\"foundingDate\":\"2011-02-09\",\"numberOfEmployees\":{\"@type\":\"QuantitativeValue\",\"minValue\":\"1\",\"maxValue\":\"10\"},\"publishingPrinciples\":\"https:\/\/oldtherapielaser.ca.musi-ka.info\/en\/politique-retours-remboursements\/\",\"actionableFeedbackPolicy\":\"https:\/\/oldtherapielaser.ca.musi-ka.info\/en\/politique-retours-remboursements\/\"}]}<\/script>\n<!-- \/ Yoast SEO Premium plugin. -->","yoast_head_json":{"title":"ResveraGranate \u2013 Anti Aging - Laser Therapy","robots":{"index":"index","follow":"follow","max-snippet":"max-snippet:-1","max-image-preview":"max-image-preview:large","max-video-preview":"max-video-preview:-1"},"canonical":"https:\/\/oldtherapielaser.ca.musi-ka.info\/en\/products\/resveragranate-anti-aging\/","og_locale":"en_US","og_type":"article","og_title":"ResveraGranate \u2013 Anti Aging","og_description":"Une formule antioxydante unique \u00e0 base de resv\u00e9ratrol con\u00e7ue pour favoriser un vieillissement sain, la long\u00e9vit\u00e9 et une bonne fonction pulmonaire gr\u00e2ce aux bienfaits combin\u00e9s de l&rsquo;extrait de vin rouge, de la grenade et de l&rsquo;a\u00e7ai. Contient 300\u00a0mg de resv\u00e9ratrol, le puissant antioxydant qui est l&rsquo;ingr\u00e9dient actif responsable des bienfaits du vin rouge pour la [&hellip;]","og_url":"https:\/\/oldtherapielaser.ca.musi-ka.info\/en\/products\/resveragranate-anti-aging\/","og_site_name":"Therapie Laser","article_publisher":"https:\/\/www.facebook.com\/sensation.therapy\/","article_modified_time":"2025-04-25T22:43:08+00:00","og_image":[{"width":1800,"height":2400,"url":"https:\/\/oldtherapielaser.ca.musi-ka.info\/wp-content\/uploads\/2023\/12\/Resveratrol-1.jpg","type":"image\/jpeg"}],"twitter_card":"summary_large_image","twitter_misc":{"Est. reading time":"1 minute"},"schema":{"@context":"https:\/\/schema.org","@graph":[{"@type":"WebPage","@id":"https:\/\/oldtherapielaser.ca.musi-ka.info\/products\/resveragranate-anti-aging\/","url":"https:\/\/oldtherapielaser.ca.musi-ka.info\/products\/resveragranate-anti-aging\/","name":"ResveraGranate \u2013 Anti Aging - Laser Therapy","isPartOf":{"@id":"https:\/\/oldtherapielaser.ca.musi-ka.info\/en\/#website"},"primaryImageOfPage":{"@id":"https:\/\/oldtherapielaser.ca.musi-ka.info\/products\/resveragranate-anti-aging\/#primaryimage"},"image":{"@id":"https:\/\/oldtherapielaser.ca.musi-ka.info\/products\/resveragranate-anti-aging\/#primaryimage"},"thumbnailUrl":"https:\/\/oldtherapielaser.ca.musi-ka.info\/wp-content\/uploads\/2023\/12\/Resveratrol-1.jpg","datePublished":"2023-12-09T17:47:44+00:00","dateModified":"2025-04-25T22:43:08+00:00","breadcrumb":{"@id":"https:\/\/oldtherapielaser.ca.musi-ka.info\/products\/resveragranate-anti-aging\/#breadcrumb"},"inLanguage":"en-US","potentialAction":[{"@type":"ReadAction","target":["https:\/\/oldtherapielaser.ca.musi-ka.info\/products\/resveragranate-anti-aging\/"]}]},{"@type":"ImageObject","inLanguage":"en-US","@id":"https:\/\/oldtherapielaser.ca.musi-ka.info\/products\/resveragranate-anti-aging\/#primaryimage","url":"https:\/\/oldtherapielaser.ca.musi-ka.info\/wp-content\/uploads\/2023\/12\/Resveratrol-1.jpg","contentUrl":"https:\/\/oldtherapielaser.ca.musi-ka.info\/wp-content\/uploads\/2023\/12\/Resveratrol-1.jpg","width":1800,"height":2400},{"@type":"BreadcrumbList","@id":"https:\/\/oldtherapielaser.ca.musi-ka.info\/products\/resveragranate-anti-aging\/#breadcrumb","itemListElement":[{"@type":"ListItem","position":1,"name":"Home","item":"https:\/\/oldtherapielaser.ca.musi-ka.info\/en\/"},{"@type":"ListItem","position":2,"name":"Shop","item":"https:\/\/oldtherapielaser.ca.musi-ka.info\/shop\/"},{"@type":"ListItem","position":3,"name":"ResveraGranate \u2013 Anti Aging"}]},{"@type":"WebSite","@id":"https:\/\/oldtherapielaser.ca.musi-ka.info\/en\/#website","url":"https:\/\/oldtherapielaser.ca.musi-ka.info\/en\/","name":"Sensation Therapy","description":"Alternative Medicine","publisher":{"@id":"https:\/\/oldtherapielaser.ca.musi-ka.info\/en\/#organization"},"alternateName":"Clinique Therapie Laser","potentialAction":[{"@type":"SearchAction","target":{"@type":"EntryPoint","urlTemplate":"https:\/\/oldtherapielaser.ca.musi-ka.info\/en\/?s={search_term_string}"},"query-input":{"@type":"PropertyValueSpecification","valueRequired":true,"valueName":"search_term_string"}}],"inLanguage":"en-US"},{"@type":"Organization","@id":"https:\/\/oldtherapielaser.ca.musi-ka.info\/en\/#organization","name":"Sensation Therapy","alternateName":"Clinique Therapie Laser","url":"https:\/\/oldtherapielaser.ca.musi-ka.info\/en\/","logo":{"@type":"ImageObject","inLanguage":"en-US","@id":"https:\/\/oldtherapielaser.ca.musi-ka.info\/en\/#\/schema\/logo\/image\/","url":"https:\/\/therapielaser.ca\/wp-content\/uploads\/2025\/07\/Logo-Small.jpg","contentUrl":"https:\/\/therapielaser.ca\/wp-content\/uploads\/2025\/07\/Logo-Small.jpg","width":261,"height":258,"caption":"Sensation Therapie"},"image":{"@id":"https:\/\/oldtherapielaser.ca.musi-ka.info\/en\/#\/schema\/logo\/image\/"},"sameAs":["https:\/\/www.facebook.com\/sensation.therapy\/"],"description":"Sensation Therapy is a multidisciplinary clinic specializing in natural therapies for addiction recovery, stress reduction, and wellness. With over 20 years of experience, it offers advanced laser treatments in Montreal, Laval, and Brossard. Its mission is to help people improve their health and regain control of their lives without medication or harsh treatments. It combines gentle laser therapy, personalized coaching, and natural products for optimal results.","email":"info@therapielaser.ca","telephone":"4504430300","legalName":"Therapie Laser","foundingDate":"2011-02-09","numberOfEmployees":{"@type":"QuantitativeValue","minValue":"1","maxValue":"10"},"publishingPrinciples":"https:\/\/oldtherapielaser.ca.musi-ka.info\/en\/politique-retours-remboursements\/","actionableFeedbackPolicy":"https:\/\/oldtherapielaser.ca.musi-ka.info\/en\/politique-retours-remboursements\/"}]}},"_links":{"self":[{"href":"https:\/\/oldtherapielaser.ca.musi-ka.info\/en\/wp-json\/wp\/v2\/product\/491","targetHints":{"allow":["GET"]}}],"collection":[{"href":"https:\/\/oldtherapielaser.ca.musi-ka.info\/en\/wp-json\/wp\/v2\/product"}],"about":[{"href":"https:\/\/oldtherapielaser.ca.musi-ka.info\/en\/wp-json\/wp\/v2\/types\/product"}],"wp:featuredmedia":[{"embeddable":true,"href":"https:\/\/oldtherapielaser.ca.musi-ka.info\/en\/wp-json\/wp\/v2\/media\/1264"}],"wp:attachment":[{"href":"https:\/\/oldtherapielaser.ca.musi-ka.info\/en\/wp-json\/wp\/v2\/media?parent=491"}],"wp:term":[{"taxonomy":"product_brand","embeddable":true,"href":"https:\/\/oldtherapielaser.ca.musi-ka.info\/en\/wp-json\/wp\/v2\/product_brand?post=491"},{"taxonomy":"product_cat","embeddable":true,"href":"https:\/\/oldtherapielaser.ca.musi-ka.info\/en\/wp-json\/wp\/v2\/product_cat?post=491"},{"taxonomy":"product_tag","embeddable":true,"href":"https:\/\/oldtherapielaser.ca.musi-ka.info\/en\/wp-json\/wp\/v2\/product_tag?post=491"}],"curies":[{"name":"wp","href":"https:\/\/api.w.org\/{rel}","templated":true}]}}